{"id":1143,"date":"2022-08-11T23:37:27","date_gmt":"2022-08-11T21:37:27","guid":{"rendered":"https:\/\/botecaircargo-geneve.ch\/?page_id=1143"},"modified":"2022-09-26T21:00:45","modified_gmt":"2022-09-26T19:00:45","slug":"douane-2","status":"publish","type":"page","link":"https:\/\/botecaircargo-geneve.ch\/en\/douane-2\/","title":{"rendered":"Customs"},"content":{"rendered":"\t\t<div data-elementor-type=\"wp-page\" data-elementor-id=\"1143\" class=\"elementor elementor-1143\">\n\t\t\t\t\t\t<section class=\"elementor-section elementor-top-section elementor-element elementor-element-879b500 elementor-section-full_width elementor-section-height-default elementor-section-height-default\" data-id=\"879b500\" data-element_type=\"section\">\n\t\t\t\t\t\t<div class=\"elementor-container elementor-column-gap-default\">\n\t\t\t\t\t<div class=\"elementor-column elementor-col-100 elementor-top-column elementor-element elementor-element-9e6408e\" data-id=\"9e6408e\" data-element_type=\"column\">\n\t\t\t<div class=\"elementor-widget-wrap elementor-element-populated\">\n\t\t\t\t\t\t<div class=\"elementor-element elementor-element-fc0840c elementor-align-left elementor-widget elementor-widget-bdevs-slider\" data-id=\"fc0840c\" data-element_type=\"widget\" data-widget_type=\"bdevs-slider.default\">\n\t\t\t\t<div class=\"elementor-widget-container\">\n\t\t\t\t\t\t    <!-- slider-start -->\r\n        <div class=\"slider-area\">\r\n            <div class=\"slider-active\">\r\n            \t\t\t\t\t\t\t\t\t                <div class=\"single-slider slider-height d-flex align-items-center\" style=\"background-image:url(https:\/\/botecaircargo-geneve.ch\/wp-content\/uploads\/2022\/08\/douane.jpeg)\">\r\n                    <div class=\"container\">\r\n                        <div class=\"row\">\r\n                            <div class=\"col-xl-10 col-lg-10 \">\r\n                                <div class=\"slider-content pos-rel\">\r\n                                \t                                    <h1>DOUANES<\/h1>\r\n                                \t                                    <h2 data-animation=\"fadeInLeft\" data-delay=\".3s\"><h2>DOUANES<\/h2><\/h2>\r\n                                    <div class=\"slider-button\">\r\n                                    \t                                                                            <\/div>\r\n                                <\/div>\r\n                            <\/div>\r\n                        <\/div>\r\n                    <\/div>\r\n                <\/div>\r\n                            <\/div>\r\n       <\/div>\r\n       <!-- slider-start -->\r\n       \t\t\t<\/div>\n\t\t\t\t<\/div>\n\t\t\t\t\t<\/div>\n\t\t<\/div>\n\t\t\t\t\t<\/div>\n\t\t<\/section>\n\t\t\t\t<section class=\"elementor-section elementor-top-section elementor-element elementor-element-68024a93 elementor-section-content-middle elementor-reverse-mobile elementor-section-full_width elementor-section-height-default elementor-section-height-default\" data-id=\"68024a93\" data-element_type=\"section\">\n\t\t\t\t\t\t<div class=\"elementor-container elementor-column-gap-no\">\n\t\t\t\t\t<div class=\"elementor-column elementor-col-50 elementor-top-column elementor-element elementor-element-3b29ccf3\" data-id=\"3b29ccf3\" data-element_type=\"column\">\n\t\t\t<div class=\"elementor-widget-wrap elementor-element-populated\">\n\t\t\t\t\t\t<div class=\"elementor-element elementor-element-47d1ad0c elementor-widget elementor-widget-heading\" data-id=\"47d1ad0c\" data-element_type=\"widget\" data-widget_type=\"heading.default\">\n\t\t\t\t<div class=\"elementor-widget-container\">\n\t\t\t<style>\/*! elementor - v3.23.0 - 05-08-2024 *\/\n.elementor-heading-title{padding:0;margin:0;line-height:1}.elementor-widget-heading .elementor-heading-title[class*=elementor-size-]>a{color:inherit;font-size:inherit;line-height:inherit}.elementor-widget-heading .elementor-heading-title.elementor-size-small{font-size:15px}.elementor-widget-heading .elementor-heading-title.elementor-size-medium{font-size:19px}.elementor-widget-heading .elementor-heading-title.elementor-size-large{font-size:29px}.elementor-widget-heading .elementor-heading-title.elementor-size-xl{font-size:39px}.elementor-widget-heading .elementor-heading-title.elementor-size-xxl{font-size:59px}<\/style><h4 class=\"elementor-heading-title elementor-size-default\">Douane<\/h4>\t\t<\/div>\n\t\t\t\t<\/div>\n\t\t\t\t<div class=\"elementor-element elementor-element-653dfdc5 elementor-widget elementor-widget-text-editor\" data-id=\"653dfdc5\" data-element_type=\"widget\" data-widget_type=\"text-editor.default\">\n\t\t\t\t<div class=\"elementor-widget-container\">\n\t\t\t<style>\/*! elementor - v3.23.0 - 05-08-2024 *\/\n.elementor-widget-text-editor.elementor-drop-cap-view-stacked .elementor-drop-cap{background-color:#69727d;color:#fff}.elementor-widget-text-editor.elementor-drop-cap-view-framed .elementor-drop-cap{color:#69727d;border:3px solid;background-color:transparent}.elementor-widget-text-editor:not(.elementor-drop-cap-view-default) .elementor-drop-cap{margin-top:8px}.elementor-widget-text-editor:not(.elementor-drop-cap-view-default) .elementor-drop-cap-letter{width:1em;height:1em}.elementor-widget-text-editor .elementor-drop-cap{float:left;text-align:center;line-height:1;font-size:50px}.elementor-widget-text-editor .elementor-drop-cap-letter{display:inline-block}<\/style>\t\t\t\t<p><strong>Nous avons 3 bureaux de douane sur Gen\u00e8ve :<\/strong><\/p><p><strong>1. A\u00e9roport pour le fret a\u00e9rien<\/strong><\/p><p><strong>2. Bardonnex pour la route<\/strong><\/p><p><strong>3. La Praille pour le port Franc<\/strong><\/p><p><strong>Nos sp\u00e9cialistes vous aident pour les formalit\u00e9s douani\u00e8res, transit, d\u00e9claration pr\u00e9alable aupr\u00e8s des autorit\u00e9s des pays importateurs ainsi que l\u2019obtention des licences et des autorisations.<\/strong><\/p><p>\u00a0<\/p><h4><strong>Notre offre<\/strong><\/h4><p>\u00a0<\/p><p><strong>&#8211; D\u00e9douanements \u00e0 l\u2019import et \u00e0 l\u2019export<\/strong><\/p><p><strong>&#8211; D\u00e9douanements UE<\/strong><\/p><p><strong>&#8211; Destinataire et exp\u00e9diteur agr\u00e9\u00e9<\/strong><\/p><p><strong>&#8211; Repr\u00e9sentation fiscale<\/strong><\/p><p><strong>&#8211; Agences en douane en fronti\u00e8res<\/strong><\/p><p><strong>&#8211; Entrep\u00f4t douanier ouvert (EDO)<\/strong><\/p><p><strong>&#8211; D\u00e9douanements \u00e9lectroniques<\/strong><\/p><p><strong>&#8211; Gestion des entrep\u00f4ts confi\u00e9s et sous douane<\/strong><\/p><p><strong>&#8211; Gestion des Carnets IATA<\/strong><\/p><p><strong>&#8211; Gestion des am\u00e9liorations actives et \/ ou des ateliers passifs<\/strong><\/p><p><strong>&#8211; D\u00e9claration de mise \u00e0 la consommation<\/strong><\/p><p><strong>&#8211; D\u00e9l\u00e9gation des poin\u00e7ons<\/strong><\/p><p><strong>&#8211; Gestion CITES<\/strong><\/p><p><strong>&#8211; Gestion de l\u2019exemption du poin\u00e7on<\/strong><br \/><strong>Repr\u00e9sentation fiscale<\/strong><\/p>\t\t\t\t\t\t<\/div>\n\t\t\t\t<\/div>\n\t\t\t\t<div class=\"elementor-element elementor-element-25d10530 elementor-align-left elementor-widget elementor-widget-bdevs-cta\" data-id=\"25d10530\" data-element_type=\"widget\" data-widget_type=\"bdevs-cta.default\">\n\t\t\t\t<div class=\"elementor-widget-container\">\n\t\t\t\t\t\t\t<!-- cta-area-start -->\r\n        <div class=\"cta-area pt-120 pb-130\" style=\"background-image:url()\">\r\n            <div class=\"container\">\r\n                <div class=\"row\">\r\n                    <div class=\"col-xl-8 col-lg-8 offset-lg-2 offset-xl-2\">\r\n                        <div class=\"cta-wrapper text-center\">\r\n                            <div class=\"cta-text\">\r\n                            \t                                                                                                                                <a class=\"btn\" href=\"contact\">Nous contacter <i class=\"far fa-paper-plane\"><\/i><\/a>\r\n                                                            <\/div>\r\n                        <\/div>\r\n                    <\/div>\r\n                <\/div>\r\n            <\/div>\r\n        <\/div>\r\n        <!-- cta-area-end -->\r\n        \t\t\t<\/div>\n\t\t\t\t<\/div>\n\t\t\t\t\t<\/div>\n\t\t<\/div>\n\t\t\t\t<div class=\"elementor-column elementor-col-50 elementor-top-column elementor-element elementor-element-2191feb1\" data-id=\"2191feb1\" data-element_type=\"column\">\n\t\t\t<div class=\"elementor-widget-wrap elementor-element-populated\">\n\t\t\t\t\t\t<div class=\"elementor-element elementor-element-1d936f5e elementor-widget elementor-widget-image\" data-id=\"1d936f5e\" data-element_type=\"widget\" data-widget_type=\"image.default\">\n\t\t\t\t<div class=\"elementor-widget-container\">\n\t\t\t<style>\/*! elementor - v3.23.0 - 05-08-2024 *\/\n.elementor-widget-image{text-align:center}.elementor-widget-image a{display:inline-block}.elementor-widget-image a img[src$=\".svg\"]{width:48px}.elementor-widget-image img{vertical-align:middle;display:inline-block}<\/style>\t\t\t\t\t\t\t\t\t\t<img fetchpriority=\"high\" width=\"874\" height=\"612\" src=\"https:\/\/botecaircargo-geneve.ch\/wp-content\/uploads\/2022\/08\/douanes.png\" class=\"attachment-large size-large wp-image-1456\" alt=\"\" srcset=\"https:\/\/botecaircargo-geneve.ch\/wp-content\/uploads\/2022\/08\/douanes.png 874w, https:\/\/botecaircargo-geneve.ch\/wp-content\/uploads\/2022\/08\/douanes-300x210.png 300w, https:\/\/botecaircargo-geneve.ch\/wp-content\/uploads\/2022\/08\/douanes-768x538.png 768w\" sizes=\"(max-width: 874px) 100vw, 874px\" \/>\t\t\t\t\t\t\t\t\t\t\t\t\t<\/div>\n\t\t\t\t<\/div>\n\t\t\t\t\t<\/div>\n\t\t<\/div>\n\t\t\t\t\t<\/div>\n\t\t<\/section>\n\t\t\t\t<\/div>\n\t\t","protected":false},"excerpt":{"rendered":"<p>DOUANES DOUANES Douane Nous avons 3 bureaux de douane sur Gen\u00e8ve :1. A\u00e9roport pour le fret a\u00e9rien2. Bardonnex pour la route3. La Praille pour le port FrancNos sp\u00e9cialistes vous aident pour les formalit\u00e9s douani\u00e8res, transit, d\u00e9claration pr\u00e9alable aupr\u00e8s des autorit\u00e9s des pays importateurs ainsi que l\u2019obtention des licences et des autorisations.\u00a0Notre offre\u00a0&#8211; D\u00e9douanements \u00e0 l\u2019import [&hellip;]<\/p>\n","protected":false},"author":1,"featured_media":0,"parent":0,"menu_order":0,"comment_status":"closed","ping_status":"closed","template":"elementor_header_footer","meta":{"om_disable_all_campaigns":false,"_monsterinsights_skip_tracking":false,"_monsterinsights_sitenote_active":false,"_monsterinsights_sitenote_note":"","_monsterinsights_sitenote_category":0},"aioseo_notices":[],"_links":{"self":[{"href":"https:\/\/botecaircargo-geneve.ch\/en\/wp-json\/wp\/v2\/pages\/1143"}],"collection":[{"href":"https:\/\/botecaircargo-geneve.ch\/en\/wp-json\/wp\/v2\/pages"}],"about":[{"href":"https:\/\/botecaircargo-geneve.ch\/en\/wp-json\/wp\/v2\/types\/page"}],"author":[{"embeddable":true,"href":"https:\/\/botecaircargo-geneve.ch\/en\/wp-json\/wp\/v2\/users\/1"}],"replies":[{"embeddable":true,"href":"https:\/\/botecaircargo-geneve.ch\/en\/wp-json\/wp\/v2\/comments?post=1143"}],"version-history":[{"count":22,"href":"https:\/\/botecaircargo-geneve.ch\/en\/wp-json\/wp\/v2\/pages\/1143\/revisions"}],"predecessor-version":[{"id":1584,"href":"https:\/\/botecaircargo-geneve.ch\/en\/wp-json\/wp\/v2\/pages\/1143\/revisions\/1584"}],"wp:attachment":[{"href":"https:\/\/botecaircargo-geneve.ch\/en\/wp-json\/wp\/v2\/media?parent=1143"}],"curies":[{"name":"wp","href":"https:\/\/api.w.org\/{rel}","templated":true}]}}