{"id":717,"date":"2022-08-09T23:25:32","date_gmt":"2022-08-09T21:25:32","guid":{"rendered":"https:\/\/botecaircargo-geneve.ch\/?page_id=717"},"modified":"2022-10-21T14:07:59","modified_gmt":"2022-10-21T12:07:59","slug":"contact","status":"publish","type":"page","link":"https:\/\/botecaircargo-geneve.ch\/en\/contact\/","title":{"rendered":"Contact"},"content":{"rendered":"\t\t<div data-elementor-type=\"wp-page\" data-elementor-id=\"717\" class=\"elementor elementor-717\">\n\t\t\t\t\t\t<section class=\"elementor-section elementor-top-section elementor-element elementor-element-dbee38b elementor-section-full_width elementor-section-height-default elementor-section-height-default\" data-id=\"dbee38b\" data-element_type=\"section\">\n\t\t\t\t\t\t<div class=\"elementor-container elementor-column-gap-default\">\n\t\t\t\t\t<div class=\"elementor-column elementor-col-100 elementor-top-column elementor-element elementor-element-289be00\" data-id=\"289be00\" data-element_type=\"column\">\n\t\t\t<div class=\"elementor-widget-wrap elementor-element-populated\">\n\t\t\t\t\t\t<div class=\"elementor-element elementor-element-2db57c2d elementor-align-left elementor-widget elementor-widget-bdevs-banner\" data-id=\"2db57c2d\" data-element_type=\"widget\" data-widget_type=\"bdevs-banner.default\">\n\t\t\t\t<div class=\"elementor-widget-container\">\n\t\t\t\t\t<!-- breadcrumb-area-start -->\r\n        <div class=\"breadcrumb-area pt-230 pb-240\" style=\"background-image:url(https:\/\/botecaircargo-geneve.ch\/wp-content\/uploads\/2022\/08\/bg-10-1.jpg)\">\r\n            <div class=\"container\">\r\n                <div class=\"row\">\r\n                    <div class=\"col-xl-12\">\r\n                        <div class=\"breadcrumb-text text-center\">\r\n                            <h1>Nous contacter<\/h1>\r\n                                                    <\/div>\r\n                    <\/div>\r\n                <\/div>\r\n            <\/div>\r\n        <\/div>\r\n        <!-- breadcrumb-area-end -->\r\n\t\t\t<\/div>\n\t\t\t\t<\/div>\n\t\t\t\t<div class=\"elementor-element elementor-element-958b57b elementor-widget elementor-widget-spacer\" data-id=\"958b57b\" data-element_type=\"widget\" data-widget_type=\"spacer.default\">\n\t\t\t\t<div class=\"elementor-widget-container\">\n\t\t\t<style>\/*! elementor - v3.23.0 - 05-08-2024 *\/\n.elementor-column .elementor-spacer-inner{height:var(--spacer-size)}.e-con{--container-widget-width:100%}.e-con-inner>.elementor-widget-spacer,.e-con>.elementor-widget-spacer{width:var(--container-widget-width,var(--spacer-size));--align-self:var(--container-widget-align-self,initial);--flex-shrink:0}.e-con-inner>.elementor-widget-spacer>.elementor-widget-container,.e-con>.elementor-widget-spacer>.elementor-widget-container{height:100%;width:100%}.e-con-inner>.elementor-widget-spacer>.elementor-widget-container>.elementor-spacer,.e-con>.elementor-widget-spacer>.elementor-widget-container>.elementor-spacer{height:100%}.e-con-inner>.elementor-widget-spacer>.elementor-widget-container>.elementor-spacer>.elementor-spacer-inner,.e-con>.elementor-widget-spacer>.elementor-widget-container>.elementor-spacer>.elementor-spacer-inner{height:var(--container-widget-height,var(--spacer-size))}.e-con-inner>.elementor-widget-spacer.elementor-widget-empty,.e-con>.elementor-widget-spacer.elementor-widget-empty{position:relative;min-height:22px;min-width:22px}.e-con-inner>.elementor-widget-spacer.elementor-widget-empty .elementor-widget-empty-icon,.e-con>.elementor-widget-spacer.elementor-widget-empty .elementor-widget-empty-icon{position:absolute;top:0;bottom:0;left:0;right:0;margin:auto;padding:0;width:22px;height:22px}<\/style>\t\t<div class=\"elementor-spacer\">\n\t\t\t<div class=\"elementor-spacer-inner\"><\/div>\n\t\t<\/div>\n\t\t\t\t<\/div>\n\t\t\t\t<\/div>\n\t\t\t\t<section class=\"elementor-section elementor-inner-section elementor-element elementor-element-fbe2d70 elementor-section-boxed elementor-section-height-default elementor-section-height-default\" data-id=\"fbe2d70\" data-element_type=\"section\">\n\t\t\t\t\t\t<div class=\"elementor-container elementor-column-gap-default\">\n\t\t\t\t\t<div class=\"elementor-column elementor-col-100 elementor-inner-column elementor-element elementor-element-e86a1c6\" data-id=\"e86a1c6\" data-element_type=\"column\">\n\t\t\t<div class=\"elementor-widget-wrap elementor-element-populated\">\n\t\t\t\t\t\t<div class=\"elementor-element elementor-element-0143295 elementor-widget elementor-widget-heading\" data-id=\"0143295\" data-element_type=\"widget\" data-widget_type=\"heading.default\">\n\t\t\t\t<div class=\"elementor-widget-container\">\n\t\t\t<style>\/*! elementor - v3.23.0 - 05-08-2024 *\/\n.elementor-heading-title{padding:0;margin:0;line-height:1}.elementor-widget-heading .elementor-heading-title[class*=elementor-size-]>a{color:inherit;font-size:inherit;line-height:inherit}.elementor-widget-heading .elementor-heading-title.elementor-size-small{font-size:15px}.elementor-widget-heading .elementor-heading-title.elementor-size-medium{font-size:19px}.elementor-widget-heading .elementor-heading-title.elementor-size-large{font-size:29px}.elementor-widget-heading .elementor-heading-title.elementor-size-xl{font-size:39px}.elementor-widget-heading .elementor-heading-title.elementor-size-xxl{font-size:59px}<\/style><h2 class=\"elementor-heading-title elementor-size-default\">NOS AGENCES <\/h2>\t\t<\/div>\n\t\t\t\t<\/div>\n\t\t\t\t\t<\/div>\n\t\t<\/div>\n\t\t\t\t\t<\/div>\n\t\t<\/section>\n\t\t\t\t<section class=\"elementor-section elementor-inner-section elementor-element elementor-element-1be2c1c elementor-section-boxed elementor-section-height-default elementor-section-height-default\" data-id=\"1be2c1c\" data-element_type=\"section\">\n\t\t\t\t\t\t<div class=\"elementor-container elementor-column-gap-default\">\n\t\t\t\t\t<div class=\"elementor-column elementor-col-100 elementor-inner-column elementor-element elementor-element-fb04d16\" data-id=\"fb04d16\" data-element_type=\"column\">\n\t\t\t<div class=\"elementor-widget-wrap elementor-element-populated\">\n\t\t\t\t\t\t<div class=\"elementor-element elementor-element-b994785 elementor-widget elementor-widget-spacer\" data-id=\"b994785\" data-element_type=\"widget\" data-widget_type=\"spacer.default\">\n\t\t\t\t<div class=\"elementor-widget-container\">\n\t\t\t\t\t<div class=\"elementor-spacer\">\n\t\t\t<div class=\"elementor-spacer-inner\"><\/div>\n\t\t<\/div>\n\t\t\t\t<\/div>\n\t\t\t\t<\/div>\n\t\t\t\t\t<\/div>\n\t\t<\/div>\n\t\t\t\t\t<\/div>\n\t\t<\/section>\n\t\t\t\t\t<\/div>\n\t\t<\/div>\n\t\t\t\t\t<\/div>\n\t\t<\/section>\n\t\t\t\t<section class=\"elementor-section elementor-top-section elementor-element elementor-element-dc687bc elementor-section-boxed elementor-section-height-default elementor-section-height-default\" data-id=\"dc687bc\" data-element_type=\"section\">\n\t\t\t\t\t\t<div class=\"elementor-container elementor-column-gap-default\">\n\t\t\t\t\t<div class=\"elementor-column elementor-col-33 elementor-top-column elementor-element elementor-element-d0261fe\" data-id=\"d0261fe\" data-element_type=\"column\">\n\t\t\t<div class=\"elementor-widget-wrap elementor-element-populated\">\n\t\t\t\t\t\t<div class=\"elementor-element elementor-element-df999b9 elementor-widget elementor-widget-text-editor\" data-id=\"df999b9\" data-element_type=\"widget\" data-widget_type=\"text-editor.default\">\n\t\t\t\t<div class=\"elementor-widget-container\">\n\t\t\t<style>\/*! elementor - v3.23.0 - 05-08-2024 *\/\n.elementor-widget-text-editor.elementor-drop-cap-view-stacked .elementor-drop-cap{background-color:#69727d;color:#fff}.elementor-widget-text-editor.elementor-drop-cap-view-framed .elementor-drop-cap{color:#69727d;border:3px solid;background-color:transparent}.elementor-widget-text-editor:not(.elementor-drop-cap-view-default) .elementor-drop-cap{margin-top:8px}.elementor-widget-text-editor:not(.elementor-drop-cap-view-default) .elementor-drop-cap-letter{width:1em;height:1em}.elementor-widget-text-editor .elementor-drop-cap{float:left;text-align:center;line-height:1;font-size:50px}.elementor-widget-text-editor .elementor-drop-cap-letter{display:inline-block}<\/style>\t\t\t\t<h4 style=\"text-align: center; color: #d70122;\">BOTEC SA &#8211; CAROUGE<\/h4>\n<h6 style=\"text-align: center;\"><strong>Route des Jeunes 47<\/strong><\/h6>\n<h6 style=\"text-align: center;\"><strong>CH-1227 CAROUGE<\/strong><\/h6>\n<h6 style=\"text-align: center;\"><strong>TEL : 022 304 82 82<\/strong><\/h6>\n<h6 style=\"text-align: center;\"><strong><a href=\"mailto:info@botec-geneve.ch\">info@botec-geneve.ch<\/a><\/strong><\/h6>\n<h6 style=\"text-align: center;\"><strong>\u00a0<\/strong><\/h6>\t\t\t\t\t\t<\/div>\n\t\t\t\t<\/div>\n\t\t\t\t\t<\/div>\n\t\t<\/div>\n\t\t\t\t<div class=\"elementor-column elementor-col-33 elementor-top-column elementor-element elementor-element-54c5739\" data-id=\"54c5739\" data-element_type=\"column\">\n\t\t\t<div class=\"elementor-widget-wrap elementor-element-populated\">\n\t\t\t\t\t\t<div class=\"elementor-element elementor-element-6e08040 elementor-widget elementor-widget-text-editor\" data-id=\"6e08040\" data-element_type=\"widget\" data-widget_type=\"text-editor.default\">\n\t\t\t\t<div class=\"elementor-widget-container\">\n\t\t\t\t\t\t\t<h4 style=\"text-align: center; color: #d70122;\">BOTEC SA &#8211; BARDONNEX<\/h4>\n<h6 style=\"text-align: center;\"><strong>Chemin des Epinglis 21<\/strong><\/h6>\n<h6 style=\"text-align: center;\"><strong>CH-1257\u00a0 BARDONNEX<\/strong><\/h6>\n<h6 style=\"text-align: center;\"><strong>\u00a0TEL : 022 304 82 83\/85<\/strong><\/h6>\n<h6 style=\"text-align: center;\"><strong><a href=\"mailto:botecbardonnex@botec-geneve.ch\">botecbardonnex@botec-geneve.ch<\/a><\/strong><\/h6>\n<h6 style=\"text-align: center;\"><strong>\u00a0<\/strong><\/h6>\t\t\t\t\t\t<\/div>\n\t\t\t\t<\/div>\n\t\t\t\t\t<\/div>\n\t\t<\/div>\n\t\t\t\t<div class=\"elementor-column elementor-col-33 elementor-top-column elementor-element elementor-element-d284575\" data-id=\"d284575\" data-element_type=\"column\">\n\t\t\t<div class=\"elementor-widget-wrap elementor-element-populated\">\n\t\t\t\t\t\t<div class=\"elementor-element elementor-element-a5e5782 elementor-widget elementor-widget-text-editor\" data-id=\"a5e5782\" data-element_type=\"widget\" data-widget_type=\"text-editor.default\">\n\t\t\t\t<div class=\"elementor-widget-container\">\n\t\t\t\t\t\t\t<h4 style=\"text-align: center; color: #d70122;\">BOTEC SA &#8211; GENEVE AEROPORT<\/h4>\n<h6 style=\"text-align: center;\"><strong>Voie de traz 20<\/strong><\/h6>\n<h6 style=\"text-align: center;\"><strong>CH-1218 GENEVE AEROPORT<\/strong><\/h6>\n<h6 style=\"text-align: center;\"><strong>TEL : 022 304 82 80<\/strong><\/h6>\n<h6 style=\"text-align: center;\"><strong><a href=\"mailto:botecair@botec-geneve.ch\">botecair@botec-geneve.ch<\/a><\/strong><\/h6>\n<h6 style=\"text-align: center;\"><strong>\u00a0<\/strong><\/h6>\t\t\t\t\t\t<\/div>\n\t\t\t\t<\/div>\n\t\t\t\t\t<\/div>\n\t\t<\/div>\n\t\t\t\t\t<\/div>\n\t\t<\/section>\n\t\t\t\t<section class=\"elementor-section elementor-top-section elementor-element elementor-element-6044a0f3 elementor-section-full_width elementor-section-height-default elementor-section-height-default\" data-id=\"6044a0f3\" data-element_type=\"section\">\n\t\t\t\t\t\t<div class=\"elementor-container elementor-column-gap-default\">\n\t\t\t\t\t<div class=\"elementor-column elementor-col-100 elementor-top-column elementor-element elementor-element-68e73f47\" data-id=\"68e73f47\" data-element_type=\"column\">\n\t\t\t<div class=\"elementor-widget-wrap elementor-element-populated\">\n\t\t\t\t\t\t<div class=\"elementor-element elementor-element-9539207 elementor-widget elementor-widget-spacer\" data-id=\"9539207\" data-element_type=\"widget\" data-widget_type=\"spacer.default\">\n\t\t\t\t<div class=\"elementor-widget-container\">\n\t\t\t\t\t<div class=\"elementor-spacer\">\n\t\t\t<div class=\"elementor-spacer-inner\"><\/div>\n\t\t<\/div>\n\t\t\t\t<\/div>\n\t\t\t\t<\/div>\n\t\t\t\t<div class=\"elementor-element elementor-element-6f143c4c elementor-align-left elementor-widget elementor-widget-bdevs-map\" data-id=\"6f143c4c\" data-element_type=\"widget\" data-widget_type=\"bdevs-map.default\">\n\t\t\t\t<div class=\"elementor-widget-container\">\n\t\t\t\t\t<!-- map-area-start -->\r\n        <div class=\"map-area\">\r\n            <div class=\"map-wrapper\">\r\n                <iframe src=\"https:\/\/www.google.com\/maps\/embed?pb=!1m18!1m12!1m3!1d1379.7996014020214!2d6.116290995145077!3d46.238314585814635!2m3!1f0!2f0!3f0!3m2!1i1024!2i768!4f13.1!3m3!1m2!1s0x478c64628dbb2a8f%3A0x713a3b87103ea6e!2sFret%2C%20Voie-des-Traz%2020%2C%201215%20Le%20Grand-Saconnex!5e0!3m2!1sen!2sch!4v1660599410552!5m2!1sen!2sch\" width=\"100%\" height=\"750\" frameborder=\"0\" style=\"border:0;\" allowfullscreen=\"\" aria-hidden=\"false\" tabindex=\"0\"><\/iframe>\r\n            <\/div>\r\n        <\/div>\r\n        <!-- map-area-end -->\r\n\t\t\t<\/div>\n\t\t\t\t<\/div>\n\t\t\t\t\t<\/div>\n\t\t<\/div>\n\t\t\t\t\t<\/div>\n\t\t<\/section>\n\t\t\t\t<section class=\"elementor-section elementor-top-section elementor-element elementor-element-5ae3a7e elementor-section-boxed elementor-section-height-default elementor-section-height-default\" data-id=\"5ae3a7e\" data-element_type=\"section\">\n\t\t\t\t\t\t<div class=\"elementor-container elementor-column-gap-default\">\n\t\t\t\t\t<div class=\"elementor-column elementor-col-100 elementor-top-column elementor-element elementor-element-508c29a\" data-id=\"508c29a\" data-element_type=\"column\">\n\t\t\t<div class=\"elementor-widget-wrap\">\n\t\t\t\t\t\t\t<\/div>\n\t\t<\/div>\n\t\t\t\t\t<\/div>\n\t\t<\/section>\n\t\t\t\t<section class=\"elementor-section elementor-top-section elementor-element elementor-element-3d71feb5 elementor-section-full_width elementor-section-height-default elementor-section-height-default\" data-id=\"3d71feb5\" data-element_type=\"section\">\n\t\t\t\t\t\t<div class=\"elementor-container elementor-column-gap-default\">\n\t\t\t\t\t<div class=\"elementor-column elementor-col-100 elementor-top-column elementor-element elementor-element-7cfea317\" data-id=\"7cfea317\" data-element_type=\"column\">\n\t\t\t<div class=\"elementor-widget-wrap elementor-element-populated\">\n\t\t\t\t\t\t<div class=\"elementor-element elementor-element-7a0f1e5e elementor-align-right elementor-widget elementor-widget-bdevs-contact\" data-id=\"7a0f1e5e\" data-element_type=\"widget\" data-widget_type=\"bdevs-contact.default\">\n\t\t\t\t<div class=\"elementor-widget-container\">\n\t\t\t\t\t<!-- contact-us-area-start -->\r\n        <div class=\"contact-us-area pt-125 pb-115\" style=\"background-image:url(https:\/\/botecaircargo-geneve.ch\/wp-content\/uploads\/2022\/08\/09-1.jpg)\">\r\n            <div class=\"container\">\r\n                <div class=\"row\">\r\n                    <div class=\"col-xl-8 col-lg-8 offset-lg-2 offset-xl-2\">\r\n                        <div class=\"section-title white-title section-2 text-center pos-rel mr-80 ml-80 mb-75\">\r\n                        \t                            <h1>08<\/h1>\r\n                        \t                        \t                        \t<span class=\"border-left-1\"><\/span>\r\n                            <span>Nous contacter<\/span>\r\n                            <span class=\"border-right-1\"><\/span>\r\n                                                                                    <h2>En quelques clics<\/h2>\r\n                                                    <\/div>\r\n                    <\/div> \r\n                <\/div>\r\n                <div class=\"row\">\r\n                    <div class=\"col-xl-4 col-lg-4\">\r\n                        <div class=\"single-contact-us mb-30\">\r\n                        \t                            <div class=\"contact-us-list\">\r\n                                <div class=\"contact-us-icon f-right\">\r\n                                    <i class=\"far fa-phone\"><\/i>\r\n                                <\/div>\r\n                                <div class=\"contact-us-text f-right\">\r\n                                    <span>T\u00e9l\u00e9phone<\/span>\r\n                                    <h4>022 304 82 80<\/h4>\r\n                                <\/div>\r\n                            <\/div>\r\n                                                        <div class=\"contact-us-list\">\r\n                                <div class=\"contact-us-icon f-right\">\r\n                                    <i class=\"far fa-envelope-open\"><\/i>\r\n                                <\/div>\r\n                                <div class=\"contact-us-text f-right\">\r\n                                    <span>E-mail<\/span>\r\n                                    <h4>botecair@botec-geneve.ch<\/h4>\r\n                                <\/div>\r\n                            <\/div>\r\n                                                        <div class=\"contact-us-list\">\r\n                                <div class=\"contact-us-icon f-right\">\r\n                                    <i class=\"far fa-map-pin\"><\/i>\r\n                                <\/div>\r\n                                <div class=\"contact-us-text f-right\">\r\n                                    <span>Adresse<\/span>\r\n                                    <h4>Botec\u00a0Air\u00a0Cargo\u00a0S.A\nVoie\u00a0des\u00a0Traz\u00a020 <br>\nCH-1218\u00a0Le\u00a0Grand\u00a0Saconnex\u00a0<\/h4>\r\n                                <\/div>\r\n                            <\/div>\r\n                                                    <\/div>\r\n                    <\/div>\r\n                    <div class=\"col-xl-8 col-lg-8\">\r\n                        <div class=\"contact-us-wrapper\">\r\n                            \n<div class=\"wpcf7 no-js\" id=\"wpcf7-f123-o1\" lang=\"en-US\" dir=\"ltr\">\n<div class=\"screen-reader-response\"><p role=\"status\" aria-live=\"polite\" aria-atomic=\"true\"><\/p> <ul><\/ul><\/div>\n<form action=\"\/en\/wp-json\/wp\/v2\/pages\/717#wpcf7-f123-o1\" method=\"post\" class=\"wpcf7-form init\" aria-label=\"Contact form\" novalidate=\"novalidate\" data-status=\"init\">\n<div style=\"display: none;\">\n<input type=\"hidden\" name=\"_wpcf7\" value=\"123\" \/>\n<input type=\"hidden\" name=\"_wpcf7_version\" value=\"5.7.7\" \/>\n<input type=\"hidden\" name=\"_wpcf7_locale\" value=\"en_US\" \/>\n<input type=\"hidden\" name=\"_wpcf7_unit_tag\" value=\"wpcf7-f123-o1\" \/>\n<input type=\"hidden\" name=\"_wpcf7_container_post\" value=\"0\" \/>\n<input type=\"hidden\" name=\"_wpcf7_posted_data_hash\" value=\"\" \/>\n<input type=\"hidden\" name=\"_wpcf7_recaptcha_response\" value=\"\" \/>\n<\/div>\n<div id=\"contact-form\" action=\"#\">\n\t<div class=\"row\">\n\t\t<div class=\"col-lg-6\">\n\t\t\t<div class=\"form-2-box  mb-30\">\n\t\t\t\t<p><span class=\"wpcf7-form-control-wrap\" data-name=\"names\"><input size=\"40\" class=\"wpcf7-form-control wpcf7-text wpcf7-validates-as-required\" aria-required=\"true\" aria-invalid=\"false\" placeholder=\"Nom complet\" value=\"\" type=\"text\" name=\"names\" \/><\/span>\n\t\t\t\t<\/p>\n\t\t\t<\/div>\n\t\t<\/div>\n\t\t<div class=\"col-lg-6\">\n\t\t\t<div class=\"form-2-box email-2-icon mb-30\">\n\t\t\t\t<p><span class=\"wpcf7-form-control-wrap\" data-name=\"email\"><input size=\"40\" class=\"wpcf7-form-control wpcf7-text wpcf7-email wpcf7-validates-as-required wpcf7-validates-as-email\" aria-required=\"true\" aria-invalid=\"false\" placeholder=\"Adresse e-mail\" value=\"\" type=\"email\" name=\"email\" \/><\/span>\n\t\t\t\t<\/p>\n\t\t\t<\/div>\n\t\t<\/div>\n\t\t<div class=\"col-lg-6\">\n\t\t\t<div class=\"form-2-box phone-2-icon mb-30\">\n\t\t\t\t<p><span class=\"wpcf7-form-control-wrap\" data-name=\"phone\"><input size=\"40\" class=\"wpcf7-form-control wpcf7-text wpcf7-validates-as-required\" aria-required=\"true\" aria-invalid=\"false\" placeholder=\"Num\u00e9ro de t\u00e9l\u00e9phone\" value=\"\" type=\"text\" name=\"phone\" \/><\/span>\n\t\t\t\t<\/p>\n\t\t\t<\/div>\n\t\t<\/div>\n\t\t<div class=\"col-lg-6\">\n\t\t\t<div class=\"form-2-box subject-2-icon mb-30\">\n\t\t\t\t<p><span class=\"wpcf7-form-control-wrap\" data-name=\"subject\"><input size=\"40\" class=\"wpcf7-form-control wpcf7-text wpcf7-validates-as-required\" aria-required=\"true\" aria-invalid=\"false\" placeholder=\"Objet\" value=\"\" type=\"text\" name=\"subject\" \/><\/span>\n\t\t\t\t<\/p>\n\t\t\t<\/div>\n\t\t<\/div>\n\t\t<div class=\"col-lg-12\">\n\t\t\t<div class=\"form-2-box message-2-icon mb-30\">\n\t\t\t\t<p><span class=\"wpcf7-form-control-wrap\" data-name=\"message\"><textarea cols=\"30\" rows=\"10\" class=\"wpcf7-form-control wpcf7-textarea wpcf7-validates-as-required\" id=\"messgae\" aria-required=\"true\" aria-invalid=\"false\" placeholder=\"Message\" name=\"message\"><\/textarea><\/span>\n\t\t\t\t<\/p>\n\t\t\t<\/div>\n\t\t\t<div class=\"contact-btn\">\n\t\t\t\t<p><input class=\"wpcf7-form-control has-spinner wpcf7-submit btn btn-icon\" type=\"submit\" value=\"Envoyer\" \/>\n\t\t\t\t<\/p>\n\t\t\t<\/div>\n\t\t<\/div>\n\t<\/div>\n<\/div><div class=\"wpcf7-response-output\" aria-hidden=\"true\"><\/div>\n<\/form>\n<\/div>\n                            <p class=\"ajax-response text-center\"><\/p>\r\n                        <\/div>\r\n                    <\/div>\r\n                <\/div>\r\n            <\/div>\r\n        <\/div>\r\n        <!-- contact-us-area-end -->\r\n\t\t\t<\/div>\n\t\t\t\t<\/div>\n\t\t\t\t\t<\/div>\n\t\t<\/div>\n\t\t\t\t\t<\/div>\n\t\t<\/section>\n\t\t\t\t<\/div>\n\t\t","protected":false},"excerpt":{"rendered":"<p>Nous contacter NOS AGENCES BOTEC SA &#8211; CAROUGE Route des Jeunes 47 CH-1227 CAROUGE TEL : 022 304 82 82 info@botec-geneve.ch \u00a0BOTEC SA &#8211; BARDONNEX Chemin des Epinglis 21 CH-1257\u00a0 BARDONNEX \u00a0TEL : 022 304 82 83\/85 botecbardonnex@botec-geneve.ch \u00a0BOTEC SA &#8211; GENEVE AEROPORT Voie de traz 20 CH-1218 GENEVE AEROPORT TEL : 022 304 82 [&hellip;]<\/p>\n","protected":false},"author":1,"featured_media":0,"parent":0,"menu_order":0,"comment_status":"closed","ping_status":"closed","template":"elementor_header_footer","meta":{"om_disable_all_campaigns":false,"_monsterinsights_skip_tracking":false,"_monsterinsights_sitenote_active":false,"_monsterinsights_sitenote_note":"","_monsterinsights_sitenote_category":0},"aioseo_notices":[],"_links":{"self":[{"href":"https:\/\/botecaircargo-geneve.ch\/en\/wp-json\/wp\/v2\/pages\/717"}],"collection":[{"href":"https:\/\/botecaircargo-geneve.ch\/en\/wp-json\/wp\/v2\/pages"}],"about":[{"href":"https:\/\/botecaircargo-geneve.ch\/en\/wp-json\/wp\/v2\/types\/page"}],"author":[{"embeddable":true,"href":"https:\/\/botecaircargo-geneve.ch\/en\/wp-json\/wp\/v2\/users\/1"}],"replies":[{"embeddable":true,"href":"https:\/\/botecaircargo-geneve.ch\/en\/wp-json\/wp\/v2\/comments?post=717"}],"version-history":[{"count":94,"href":"https:\/\/botecaircargo-geneve.ch\/en\/wp-json\/wp\/v2\/pages\/717\/revisions"}],"predecessor-version":[{"id":1819,"href":"https:\/\/botecaircargo-geneve.ch\/en\/wp-json\/wp\/v2\/pages\/717\/revisions\/1819"}],"wp:attachment":[{"href":"https:\/\/botecaircargo-geneve.ch\/en\/wp-json\/wp\/v2\/media?parent=717"}],"curies":[{"name":"wp","href":"https:\/\/api.w.org\/{rel}","templated":true}]}}