{"id":724,"date":"2022-08-09T23:28:08","date_gmt":"2022-08-09T21:28:08","guid":{"rendered":"https:\/\/botecaircargo-geneve.ch\/?page_id=724"},"modified":"2022-09-30T21:20:28","modified_gmt":"2022-09-30T19:20:28","slug":"fret-aerien","status":"publish","type":"page","link":"https:\/\/botecaircargo-geneve.ch\/en\/fret-aerien\/","title":{"rendered":"Airfreight"},"content":{"rendered":"\t\t<div data-elementor-type=\"wp-page\" data-elementor-id=\"724\" class=\"elementor elementor-724\">\n\t\t\t\t\t\t<section class=\"elementor-section elementor-top-section elementor-element elementor-element-54f4659 elementor-section-full_width elementor-section-height-default elementor-section-height-default\" data-id=\"54f4659\" data-element_type=\"section\">\n\t\t\t\t\t\t<div class=\"elementor-container elementor-column-gap-default\">\n\t\t\t\t\t<div class=\"elementor-column elementor-col-100 elementor-top-column elementor-element elementor-element-c8a0a94\" data-id=\"c8a0a94\" data-element_type=\"column\">\n\t\t\t<div class=\"elementor-widget-wrap elementor-element-populated\">\n\t\t\t\t\t\t<div class=\"elementor-element elementor-element-e51b355 elementor-align-left elementor-widget elementor-widget-bdevs-slider\" data-id=\"e51b355\" data-element_type=\"widget\" data-widget_type=\"bdevs-slider.default\">\n\t\t\t\t<div class=\"elementor-widget-container\">\n\t\t\t\t\t\t    <!-- slider-start -->\r\n        <div class=\"slider-area\">\r\n            <div class=\"slider-active\">\r\n            \t\t\t\t\t\t\t\t\t                <div class=\"single-slider slider-height d-flex align-items-center\" style=\"background-image:url(https:\/\/botecaircargo-geneve.ch\/wp-content\/uploads\/2022\/08\/03-5-1.jpg)\">\r\n                    <div class=\"container\">\r\n                        <div class=\"row\">\r\n                            <div class=\"col-xl-10 col-lg-10 \">\r\n                                <div class=\"slider-content pos-rel\">\r\n                                \t                                    <h1>FRET AERIEN<\/h1>\r\n                                \t                                    <h2 data-animation=\"fadeInLeft\" data-delay=\".3s\"><h2><strong>FRET AERIEN<\/strong><\/h2><\/h2>\r\n                                    <div class=\"slider-button\">\r\n                                    \t                                                                            <\/div>\r\n                                <\/div>\r\n                            <\/div>\r\n                        <\/div>\r\n                    <\/div>\r\n                <\/div>\r\n                            <\/div>\r\n       <\/div>\r\n       <!-- slider-start -->\r\n       \t\t\t<\/div>\n\t\t\t\t<\/div>\n\t\t\t\t\t<\/div>\n\t\t<\/div>\n\t\t\t\t\t<\/div>\n\t\t<\/section>\n\t\t\t\t<section class=\"elementor-section elementor-top-section elementor-element elementor-element-7486b326 elementor-section-content-middle elementor-reverse-mobile elementor-section-full_width elementor-section-height-default elementor-section-height-default\" data-id=\"7486b326\" data-element_type=\"section\">\n\t\t\t\t\t\t<div class=\"elementor-container elementor-column-gap-no\">\n\t\t\t\t\t<div class=\"elementor-column elementor-col-50 elementor-top-column elementor-element elementor-element-524222be\" data-id=\"524222be\" data-element_type=\"column\">\n\t\t\t<div class=\"elementor-widget-wrap elementor-element-populated\">\n\t\t\t\t\t\t<div class=\"elementor-element elementor-element-15d3d33f elementor-widget elementor-widget-heading\" data-id=\"15d3d33f\" data-element_type=\"widget\" data-widget_type=\"heading.default\">\n\t\t\t\t<div class=\"elementor-widget-container\">\n\t\t\t<style>\/*! elementor - v3.23.0 - 05-08-2024 *\/\n.elementor-heading-title{padding:0;margin:0;line-height:1}.elementor-widget-heading .elementor-heading-title[class*=elementor-size-]>a{color:inherit;font-size:inherit;line-height:inherit}.elementor-widget-heading .elementor-heading-title.elementor-size-small{font-size:15px}.elementor-widget-heading .elementor-heading-title.elementor-size-medium{font-size:19px}.elementor-widget-heading .elementor-heading-title.elementor-size-large{font-size:29px}.elementor-widget-heading .elementor-heading-title.elementor-size-xl{font-size:39px}.elementor-widget-heading .elementor-heading-title.elementor-size-xxl{font-size:59px}<\/style><h4 class=\"elementor-heading-title elementor-size-default\">Rapide et Efficace<\/h4>\t\t<\/div>\n\t\t\t\t<\/div>\n\t\t\t\t<div class=\"elementor-element elementor-element-503f2efd elementor-widget elementor-widget-text-editor\" data-id=\"503f2efd\" data-element_type=\"widget\" data-widget_type=\"text-editor.default\">\n\t\t\t\t<div class=\"elementor-widget-container\">\n\t\t\t<style>\/*! elementor - v3.23.0 - 05-08-2024 *\/\n.elementor-widget-text-editor.elementor-drop-cap-view-stacked .elementor-drop-cap{background-color:#69727d;color:#fff}.elementor-widget-text-editor.elementor-drop-cap-view-framed .elementor-drop-cap{color:#69727d;border:3px solid;background-color:transparent}.elementor-widget-text-editor:not(.elementor-drop-cap-view-default) .elementor-drop-cap{margin-top:8px}.elementor-widget-text-editor:not(.elementor-drop-cap-view-default) .elementor-drop-cap-letter{width:1em;height:1em}.elementor-widget-text-editor .elementor-drop-cap{float:left;text-align:center;line-height:1;font-size:50px}.elementor-widget-text-editor .elementor-drop-cap-letter{display:inline-block}<\/style>\t\t\t\t<p><strong>Certaines marchandises se doivent d\u2019\u00eatre achemin\u00e9es le plus rapidement possible, et ce partout dans le monde. Le fret a\u00e9rien est la solution toute trouv\u00e9e !<\/strong><\/p><p><strong>Nous vous proposons un service complet sur nos nombreux groupages ou personnalisable en fonction de vos besoins. Qu\u2019il s\u2019agisse du traitement particulier de vos valeurs ou du transport sp\u00e9cial de mati\u00e8res dangereuses, rien ne nous arr\u00eate !<\/strong><\/p>\t\t\t\t\t\t<\/div>\n\t\t\t\t<\/div>\n\t\t\t\t<div class=\"elementor-element elementor-element-b48d65c elementor-align-left elementor-widget elementor-widget-bdevs-cta\" data-id=\"b48d65c\" data-element_type=\"widget\" data-widget_type=\"bdevs-cta.default\">\n\t\t\t\t<div class=\"elementor-widget-container\">\n\t\t\t\t\t\t\t<!-- cta-area-start -->\r\n        <div class=\"cta-area pt-120 pb-130\" style=\"background-image:url()\">\r\n            <div class=\"container\">\r\n                <div class=\"row\">\r\n                    <div class=\"col-xl-8 col-lg-8 offset-lg-2 offset-xl-2\">\r\n                        <div class=\"cta-wrapper text-center\">\r\n                            <div class=\"cta-text\">\r\n                            \t                                                                                                                                <a class=\"btn\" href=\"contact\">Nous contacter <i class=\"far fa-paper-plane\"><\/i><\/a>\r\n                                                            <\/div>\r\n                        <\/div>\r\n                    <\/div>\r\n                <\/div>\r\n            <\/div>\r\n        <\/div>\r\n        <!-- cta-area-end -->\r\n        \t\t\t<\/div>\n\t\t\t\t<\/div>\n\t\t\t\t\t<\/div>\n\t\t<\/div>\n\t\t\t\t<div class=\"elementor-column elementor-col-50 elementor-top-column elementor-element elementor-element-2e90e251\" data-id=\"2e90e251\" data-element_type=\"column\">\n\t\t\t<div class=\"elementor-widget-wrap elementor-element-populated\">\n\t\t\t\t\t\t<div class=\"elementor-element elementor-element-3b3450b9 elementor-widget elementor-widget-image\" data-id=\"3b3450b9\" data-element_type=\"widget\" data-widget_type=\"image.default\">\n\t\t\t\t<div class=\"elementor-widget-container\">\n\t\t\t<style>\/*! elementor - v3.23.0 - 05-08-2024 *\/\n.elementor-widget-image{text-align:center}.elementor-widget-image a{display:inline-block}.elementor-widget-image a img[src$=\".svg\"]{width:48px}.elementor-widget-image img{vertical-align:middle;display:inline-block}<\/style>\t\t\t\t\t\t\t\t\t\t<img fetchpriority=\"high\" width=\"900\" height=\"599\" src=\"https:\/\/botecaircargo-geneve.ch\/wp-content\/uploads\/2022\/08\/stefan-fluck-twIzCL3YSRI-unsplash-1024x681.jpg\" class=\"attachment-large size-large wp-image-1321\" alt=\"avion landscape\" srcset=\"https:\/\/botecaircargo-geneve.ch\/wp-content\/uploads\/2022\/08\/stefan-fluck-twIzCL3YSRI-unsplash-1024x681.jpg 1024w, https:\/\/botecaircargo-geneve.ch\/wp-content\/uploads\/2022\/08\/stefan-fluck-twIzCL3YSRI-unsplash-300x200.jpg 300w, https:\/\/botecaircargo-geneve.ch\/wp-content\/uploads\/2022\/08\/stefan-fluck-twIzCL3YSRI-unsplash-768x511.jpg 768w, https:\/\/botecaircargo-geneve.ch\/wp-content\/uploads\/2022\/08\/stefan-fluck-twIzCL3YSRI-unsplash-1536x1022.jpg 1536w, https:\/\/botecaircargo-geneve.ch\/wp-content\/uploads\/2022\/08\/stefan-fluck-twIzCL3YSRI-unsplash-2048x1363.jpg 2048w\" sizes=\"(max-width: 900px) 100vw, 900px\" \/>\t\t\t\t\t\t\t\t\t\t\t\t\t<\/div>\n\t\t\t\t<\/div>\n\t\t\t\t\t<\/div>\n\t\t<\/div>\n\t\t\t\t\t<\/div>\n\t\t<\/section>\n\t\t\t\t<section class=\"elementor-section elementor-top-section elementor-element elementor-element-96fdf31 elementor-section-boxed elementor-section-height-default elementor-section-height-default\" data-id=\"96fdf31\" data-element_type=\"section\">\n\t\t\t\t\t\t<div class=\"elementor-container elementor-column-gap-default\">\n\t\t\t\t\t<div class=\"elementor-column elementor-col-50 elementor-top-column elementor-element elementor-element-b4ae6d8\" data-id=\"b4ae6d8\" data-element_type=\"column\">\n\t\t\t<div class=\"elementor-widget-wrap elementor-element-populated\">\n\t\t\t\t\t\t<div class=\"elementor-element elementor-element-ee598cf elementor-widget elementor-widget-image\" data-id=\"ee598cf\" data-element_type=\"widget\" data-widget_type=\"image.default\">\n\t\t\t\t<div class=\"elementor-widget-container\">\n\t\t\t\t\t\t\t\t\t\t\t\t\t<img width=\"900\" height=\"675\" src=\"https:\/\/botecaircargo-geneve.ch\/wp-content\/uploads\/2022\/09\/IMG_0873-1024x768.jpg\" class=\"attachment-large size-large wp-image-1629\" alt=\"Palette avion tarmac\" srcset=\"https:\/\/botecaircargo-geneve.ch\/wp-content\/uploads\/2022\/09\/IMG_0873-1024x768.jpg 1024w, https:\/\/botecaircargo-geneve.ch\/wp-content\/uploads\/2022\/09\/IMG_0873-300x225.jpg 300w, https:\/\/botecaircargo-geneve.ch\/wp-content\/uploads\/2022\/09\/IMG_0873-768x576.jpg 768w, https:\/\/botecaircargo-geneve.ch\/wp-content\/uploads\/2022\/09\/IMG_0873-1536x1152.jpg 1536w, https:\/\/botecaircargo-geneve.ch\/wp-content\/uploads\/2022\/09\/IMG_0873-2048x1536.jpg 2048w, https:\/\/botecaircargo-geneve.ch\/wp-content\/uploads\/2022\/09\/IMG_0873-16x12.jpg 16w\" sizes=\"(max-width: 900px) 100vw, 900px\" \/>\t\t\t\t\t\t\t\t\t\t\t\t\t<\/div>\n\t\t\t\t<\/div>\n\t\t\t\t\t<\/div>\n\t\t<\/div>\n\t\t\t\t<div class=\"elementor-column elementor-col-50 elementor-top-column elementor-element elementor-element-b0dc6af\" data-id=\"b0dc6af\" data-element_type=\"column\">\n\t\t\t<div class=\"elementor-widget-wrap elementor-element-populated\">\n\t\t\t\t\t\t<div class=\"elementor-element elementor-element-8031b6c elementor-widget elementor-widget-image\" data-id=\"8031b6c\" data-element_type=\"widget\" data-widget_type=\"image.default\">\n\t\t\t\t<div class=\"elementor-widget-container\">\n\t\t\t\t\t\t\t\t\t\t\t\t\t<img width=\"768\" height=\"1024\" src=\"https:\/\/botecaircargo-geneve.ch\/wp-content\/uploads\/2022\/09\/IMG_0875-768x1024.jpg\" class=\"attachment-large size-large wp-image-1628\" alt=\"Palette avion tarmac 2\" srcset=\"https:\/\/botecaircargo-geneve.ch\/wp-content\/uploads\/2022\/09\/IMG_0875-768x1024.jpg 768w, https:\/\/botecaircargo-geneve.ch\/wp-content\/uploads\/2022\/09\/IMG_0875-225x300.jpg 225w, https:\/\/botecaircargo-geneve.ch\/wp-content\/uploads\/2022\/09\/IMG_0875-1152x1536.jpg 1152w, https:\/\/botecaircargo-geneve.ch\/wp-content\/uploads\/2022\/09\/IMG_0875-1536x2048.jpg 1536w, https:\/\/botecaircargo-geneve.ch\/wp-content\/uploads\/2022\/09\/IMG_0875-9x12.jpg 9w, https:\/\/botecaircargo-geneve.ch\/wp-content\/uploads\/2022\/09\/IMG_0875-scaled.jpg 1920w\" sizes=\"(max-width: 768px) 100vw, 768px\" \/>\t\t\t\t\t\t\t\t\t\t\t\t\t<\/div>\n\t\t\t\t<\/div>\n\t\t\t\t\t<\/div>\n\t\t<\/div>\n\t\t\t\t\t<\/div>\n\t\t<\/section>\n\t\t\t\t<\/div>\n\t\t","protected":false},"excerpt":{"rendered":"<p>FRET AERIEN FRET AERIEN Rapide et Efficace Certaines marchandises se doivent d\u2019\u00eatre achemin\u00e9es le plus rapidement possible, et ce partout dans le monde. Le fret a\u00e9rien est la solution toute trouv\u00e9e !Nous vous proposons un service complet sur nos nombreux groupages ou personnalisable en fonction de vos besoins. Qu\u2019il s\u2019agisse du traitement particulier de vos [&hellip;]<\/p>\n","protected":false},"author":1,"featured_media":0,"parent":0,"menu_order":0,"comment_status":"closed","ping_status":"closed","template":"elementor_header_footer","meta":{"om_disable_all_campaigns":false,"_monsterinsights_skip_tracking":false,"_monsterinsights_sitenote_active":false,"_monsterinsights_sitenote_note":"","_monsterinsights_sitenote_category":0},"aioseo_notices":[],"_links":{"self":[{"href":"https:\/\/botecaircargo-geneve.ch\/en\/wp-json\/wp\/v2\/pages\/724"}],"collection":[{"href":"https:\/\/botecaircargo-geneve.ch\/en\/wp-json\/wp\/v2\/pages"}],"about":[{"href":"https:\/\/botecaircargo-geneve.ch\/en\/wp-json\/wp\/v2\/types\/page"}],"author":[{"embeddable":true,"href":"https:\/\/botecaircargo-geneve.ch\/en\/wp-json\/wp\/v2\/users\/1"}],"replies":[{"embeddable":true,"href":"https:\/\/botecaircargo-geneve.ch\/en\/wp-json\/wp\/v2\/comments?post=724"}],"version-history":[{"count":60,"href":"https:\/\/botecaircargo-geneve.ch\/en\/wp-json\/wp\/v2\/pages\/724\/revisions"}],"predecessor-version":[{"id":1712,"href":"https:\/\/botecaircargo-geneve.ch\/en\/wp-json\/wp\/v2\/pages\/724\/revisions\/1712"}],"wp:attachment":[{"href":"https:\/\/botecaircargo-geneve.ch\/en\/wp-json\/wp\/v2\/media?parent=724"}],"curies":[{"name":"wp","href":"https:\/\/api.w.org\/{rel}","templated":true}]}}