{"id":725,"date":"2022-08-10T00:07:45","date_gmt":"2022-08-09T22:07:45","guid":{"rendered":"https:\/\/botecaircargo-geneve.ch\/?page_id=725"},"modified":"2022-09-29T21:11:52","modified_gmt":"2022-09-29T19:11:52","slug":"maritime","status":"publish","type":"page","link":"https:\/\/botecaircargo-geneve.ch\/en\/maritime\/","title":{"rendered":"Seafreight"},"content":{"rendered":"\t\t<div data-elementor-type=\"wp-page\" data-elementor-id=\"725\" class=\"elementor elementor-725\">\n\t\t\t\t\t\t<section class=\"elementor-section elementor-top-section elementor-element elementor-element-f166a3f elementor-section-full_width elementor-section-height-default elementor-section-height-default\" data-id=\"f166a3f\" data-element_type=\"section\">\n\t\t\t\t\t\t<div class=\"elementor-container elementor-column-gap-default\">\n\t\t\t\t\t<div class=\"elementor-column elementor-col-100 elementor-top-column elementor-element elementor-element-8ab2a2a\" data-id=\"8ab2a2a\" data-element_type=\"column\">\n\t\t\t<div class=\"elementor-widget-wrap elementor-element-populated\">\n\t\t\t\t\t\t<div class=\"elementor-element elementor-element-4eb9e88 elementor-align-left elementor-widget elementor-widget-bdevs-slider\" data-id=\"4eb9e88\" data-element_type=\"widget\" data-widget_type=\"bdevs-slider.default\">\n\t\t\t\t<div class=\"elementor-widget-container\">\n\t\t\t\t\t\t    <!-- slider-start -->\r\n        <div class=\"slider-area\">\r\n            <div class=\"slider-active\">\r\n            \t\t\t\t\t\t\t\t\t                <div class=\"single-slider slider-height d-flex align-items-center\" style=\"background-image:url(https:\/\/botecaircargo-geneve.ch\/wp-content\/uploads\/2022\/08\/bg-10-1.jpg)\">\r\n                    <div class=\"container\">\r\n                        <div class=\"row\">\r\n                            <div class=\"col-xl-10 col-lg-10 \">\r\n                                <div class=\"slider-content pos-rel\">\r\n                                \t                                    <h1>MARITIME<\/h1>\r\n                                \t                                    <h2 data-animation=\"fadeInLeft\" data-delay=\".3s\"><h2><strong>MARITIME<\/strong><\/h2><\/h2>\r\n                                    <div class=\"slider-button\">\r\n                                    \t                                                                            <\/div>\r\n                                <\/div>\r\n                            <\/div>\r\n                        <\/div>\r\n                    <\/div>\r\n                <\/div>\r\n                            <\/div>\r\n       <\/div>\r\n       <!-- slider-start -->\r\n       \t\t\t<\/div>\n\t\t\t\t<\/div>\n\t\t\t\t\t<\/div>\n\t\t<\/div>\n\t\t\t\t\t<\/div>\n\t\t<\/section>\n\t\t\t\t<section class=\"elementor-section elementor-top-section elementor-element elementor-element-5194bbf4 elementor-section-content-middle elementor-reverse-mobile elementor-section-full_width elementor-section-height-default elementor-section-height-default\" data-id=\"5194bbf4\" data-element_type=\"section\">\n\t\t\t\t\t\t<div class=\"elementor-container elementor-column-gap-no\">\n\t\t\t\t\t<div class=\"elementor-column elementor-col-50 elementor-top-column elementor-element elementor-element-7bfcf66c\" data-id=\"7bfcf66c\" data-element_type=\"column\">\n\t\t\t<div class=\"elementor-widget-wrap elementor-element-populated\">\n\t\t\t\t\t\t<div class=\"elementor-element elementor-element-27bd5f9c elementor-widget elementor-widget-heading\" data-id=\"27bd5f9c\" data-element_type=\"widget\" data-widget_type=\"heading.default\">\n\t\t\t\t<div class=\"elementor-widget-container\">\n\t\t\t<style>\/*! elementor - v3.23.0 - 05-08-2024 *\/\n.elementor-heading-title{padding:0;margin:0;line-height:1}.elementor-widget-heading .elementor-heading-title[class*=elementor-size-]>a{color:inherit;font-size:inherit;line-height:inherit}.elementor-widget-heading .elementor-heading-title.elementor-size-small{font-size:15px}.elementor-widget-heading .elementor-heading-title.elementor-size-medium{font-size:19px}.elementor-widget-heading .elementor-heading-title.elementor-size-large{font-size:29px}.elementor-widget-heading .elementor-heading-title.elementor-size-xl{font-size:39px}.elementor-widget-heading .elementor-heading-title.elementor-size-xxl{font-size:59px}<\/style><h4 class=\"elementor-heading-title elementor-size-default\">Fret Maritime<\/h4>\t\t<\/div>\n\t\t\t\t<\/div>\n\t\t\t\t<div class=\"elementor-element elementor-element-316faf6 elementor-widget elementor-widget-heading\" data-id=\"316faf6\" data-element_type=\"widget\" data-widget_type=\"heading.default\">\n\t\t\t\t<div class=\"elementor-widget-container\">\n\t\t\t<h3 class=\"elementor-heading-title elementor-size-default\">\u00e9conomique et efficace<\/h3>\t\t<\/div>\n\t\t\t\t<\/div>\n\t\t\t\t<div class=\"elementor-element elementor-element-47da3cf8 elementor-widget elementor-widget-text-editor\" data-id=\"47da3cf8\" data-element_type=\"widget\" data-widget_type=\"text-editor.default\">\n\t\t\t\t<div class=\"elementor-widget-container\">\n\t\t\t<style>\/*! elementor - v3.23.0 - 05-08-2024 *\/\n.elementor-widget-text-editor.elementor-drop-cap-view-stacked .elementor-drop-cap{background-color:#69727d;color:#fff}.elementor-widget-text-editor.elementor-drop-cap-view-framed .elementor-drop-cap{color:#69727d;border:3px solid;background-color:transparent}.elementor-widget-text-editor:not(.elementor-drop-cap-view-default) .elementor-drop-cap{margin-top:8px}.elementor-widget-text-editor:not(.elementor-drop-cap-view-default) .elementor-drop-cap-letter{width:1em;height:1em}.elementor-widget-text-editor .elementor-drop-cap{float:left;text-align:center;line-height:1;font-size:50px}.elementor-widget-text-editor .elementor-drop-cap-letter{display:inline-block}<\/style>\t\t\t\t<p><strong>Id\u00e9al pour le transport de grands volumes ou de poids importants sur de longues distances, le fret maritime reste le mode de transport le plus \u00e9conomique.<\/strong><\/p><p><strong>Nous sommes \u00e0 votre disposition pour d\u00e9velopper une solution de transport adapt\u00e9es \u00e0 votre situation. Qu\u2019il s\u2019agisse d\u2019envois en conteneur complet (FCL) ou en groupage (LCL), vous pouvez compter sur nous pour vous assister dans vos d\u00e9marches.<\/strong><\/p>\t\t\t\t\t\t<\/div>\n\t\t\t\t<\/div>\n\t\t\t\t<div class=\"elementor-element elementor-element-6fce00a6 elementor-align-left elementor-widget elementor-widget-bdevs-cta\" data-id=\"6fce00a6\" data-element_type=\"widget\" data-widget_type=\"bdevs-cta.default\">\n\t\t\t\t<div class=\"elementor-widget-container\">\n\t\t\t\t\t\t\t<!-- cta-area-start -->\r\n        <div class=\"cta-area pt-120 pb-130\" style=\"background-image:url()\">\r\n            <div class=\"container\">\r\n                <div class=\"row\">\r\n                    <div class=\"col-xl-8 col-lg-8 offset-lg-2 offset-xl-2\">\r\n                        <div class=\"cta-wrapper text-center\">\r\n                            <div class=\"cta-text\">\r\n                            \t                                                                                                                                <a class=\"btn\" href=\"contact\">Nous contacter <i class=\"far fa-paper-plane\"><\/i><\/a>\r\n                                                            <\/div>\r\n                        <\/div>\r\n                    <\/div>\r\n                <\/div>\r\n            <\/div>\r\n        <\/div>\r\n        <!-- cta-area-end -->\r\n        \t\t\t<\/div>\n\t\t\t\t<\/div>\n\t\t\t\t\t<\/div>\n\t\t<\/div>\n\t\t\t\t<div class=\"elementor-column elementor-col-50 elementor-top-column elementor-element elementor-element-1c70eef1\" data-id=\"1c70eef1\" data-element_type=\"column\">\n\t\t\t<div class=\"elementor-widget-wrap elementor-element-populated\">\n\t\t\t\t\t\t<div class=\"elementor-element elementor-element-37698dd3 elementor-widget elementor-widget-image\" data-id=\"37698dd3\" data-element_type=\"widget\" data-widget_type=\"image.default\">\n\t\t\t\t<div class=\"elementor-widget-container\">\n\t\t\t<style>\/*! elementor - v3.23.0 - 05-08-2024 *\/\n.elementor-widget-image{text-align:center}.elementor-widget-image a{display:inline-block}.elementor-widget-image a img[src$=\".svg\"]{width:48px}.elementor-widget-image img{vertical-align:middle;display:inline-block}<\/style>\t\t\t\t\t\t\t\t\t\t<img fetchpriority=\"high\" width=\"640\" height=\"427\" src=\"https:\/\/botecaircargo-geneve.ch\/wp-content\/uploads\/2022\/08\/ian-taylor-jOqJbvo1P9g-unsplash.jpg\" class=\"attachment-full size-full wp-image-1404\" alt=\"bateau conteneur\" srcset=\"https:\/\/botecaircargo-geneve.ch\/wp-content\/uploads\/2022\/08\/ian-taylor-jOqJbvo1P9g-unsplash.jpg 640w, https:\/\/botecaircargo-geneve.ch\/wp-content\/uploads\/2022\/08\/ian-taylor-jOqJbvo1P9g-unsplash-300x200.jpg 300w\" sizes=\"(max-width: 640px) 100vw, 640px\" \/>\t\t\t\t\t\t\t\t\t\t\t\t\t<\/div>\n\t\t\t\t<\/div>\n\t\t\t\t\t<\/div>\n\t\t<\/div>\n\t\t\t\t\t<\/div>\n\t\t<\/section>\n\t\t\t\t<section class=\"elementor-section elementor-top-section elementor-element elementor-element-52c97a2 elementor-section-boxed elementor-section-height-default elementor-section-height-default\" data-id=\"52c97a2\" data-element_type=\"section\">\n\t\t\t\t\t\t<div class=\"elementor-container elementor-column-gap-default\">\n\t\t\t\t\t<div class=\"elementor-column elementor-col-50 elementor-top-column elementor-element elementor-element-0c90534\" data-id=\"0c90534\" data-element_type=\"column\">\n\t\t\t<div class=\"elementor-widget-wrap elementor-element-populated\">\n\t\t\t\t\t\t<div class=\"elementor-element elementor-element-06d53a5 elementor-widget elementor-widget-image\" data-id=\"06d53a5\" data-element_type=\"widget\" data-widget_type=\"image.default\">\n\t\t\t\t<div class=\"elementor-widget-container\">\n\t\t\t\t\t\t\t\t\t\t\t\t\t<img width=\"768\" height=\"1024\" src=\"https:\/\/botecaircargo-geneve.ch\/wp-content\/uploads\/2022\/09\/WhatsApp-Image-2022-09-29-at-20.59.00-1.jpeg\" class=\"attachment-large size-large wp-image-1639\" alt=\"Transport maritime voiture\" srcset=\"https:\/\/botecaircargo-geneve.ch\/wp-content\/uploads\/2022\/09\/WhatsApp-Image-2022-09-29-at-20.59.00-1.jpeg 768w, https:\/\/botecaircargo-geneve.ch\/wp-content\/uploads\/2022\/09\/WhatsApp-Image-2022-09-29-at-20.59.00-1-225x300.jpeg 225w, https:\/\/botecaircargo-geneve.ch\/wp-content\/uploads\/2022\/09\/WhatsApp-Image-2022-09-29-at-20.59.00-1-9x12.jpeg 9w\" sizes=\"(max-width: 768px) 100vw, 768px\" \/>\t\t\t\t\t\t\t\t\t\t\t\t\t<\/div>\n\t\t\t\t<\/div>\n\t\t\t\t\t<\/div>\n\t\t<\/div>\n\t\t\t\t<div class=\"elementor-column elementor-col-50 elementor-top-column elementor-element elementor-element-aa60c80\" data-id=\"aa60c80\" data-element_type=\"column\">\n\t\t\t<div class=\"elementor-widget-wrap elementor-element-populated\">\n\t\t\t\t\t\t<div class=\"elementor-element elementor-element-60059a5 elementor-widget elementor-widget-image\" data-id=\"60059a5\" data-element_type=\"widget\" data-widget_type=\"image.default\">\n\t\t\t\t<div class=\"elementor-widget-container\">\n\t\t\t\t\t\t\t\t\t\t\t\t\t<img width=\"769\" height=\"1024\" src=\"https:\/\/botecaircargo-geneve.ch\/wp-content\/uploads\/2022\/09\/WhatsApp-Image-2022-09-29-at-20.59.01.jpeg\" class=\"attachment-large size-large wp-image-1641\" alt=\"Transport maritime voiture\" srcset=\"https:\/\/botecaircargo-geneve.ch\/wp-content\/uploads\/2022\/09\/WhatsApp-Image-2022-09-29-at-20.59.01.jpeg 769w, https:\/\/botecaircargo-geneve.ch\/wp-content\/uploads\/2022\/09\/WhatsApp-Image-2022-09-29-at-20.59.01-225x300.jpeg 225w, https:\/\/botecaircargo-geneve.ch\/wp-content\/uploads\/2022\/09\/WhatsApp-Image-2022-09-29-at-20.59.01-9x12.jpeg 9w\" sizes=\"(max-width: 769px) 100vw, 769px\" \/>\t\t\t\t\t\t\t\t\t\t\t\t\t<\/div>\n\t\t\t\t<\/div>\n\t\t\t\t\t<\/div>\n\t\t<\/div>\n\t\t\t\t\t<\/div>\n\t\t<\/section>\n\t\t\t\t<section class=\"elementor-section elementor-top-section elementor-element elementor-element-80bc9c9 elementor-section-boxed elementor-section-height-default elementor-section-height-default\" data-id=\"80bc9c9\" data-element_type=\"section\">\n\t\t\t\t\t\t<div class=\"elementor-container elementor-column-gap-default\">\n\t\t\t\t\t<div class=\"elementor-column elementor-col-50 elementor-top-column elementor-element elementor-element-519daac\" data-id=\"519daac\" data-element_type=\"column\">\n\t\t\t<div class=\"elementor-widget-wrap elementor-element-populated\">\n\t\t\t\t\t\t<div class=\"elementor-element elementor-element-18b796c elementor-widget elementor-widget-image\" data-id=\"18b796c\" data-element_type=\"widget\" data-widget_type=\"image.default\">\n\t\t\t\t<div class=\"elementor-widget-container\">\n\t\t\t\t\t\t\t\t\t\t\t\t\t<img loading=\"lazy\" width=\"900\" height=\"675\" src=\"https:\/\/botecaircargo-geneve.ch\/wp-content\/uploads\/2022\/09\/IMG_4047-1024x768.jpg\" class=\"attachment-large size-large wp-image-1624\" alt=\"Export voiture\" srcset=\"https:\/\/botecaircargo-geneve.ch\/wp-content\/uploads\/2022\/09\/IMG_4047-1024x768.jpg 1024w, https:\/\/botecaircargo-geneve.ch\/wp-content\/uploads\/2022\/09\/IMG_4047-300x225.jpg 300w, https:\/\/botecaircargo-geneve.ch\/wp-content\/uploads\/2022\/09\/IMG_4047-768x576.jpg 768w, https:\/\/botecaircargo-geneve.ch\/wp-content\/uploads\/2022\/09\/IMG_4047-1536x1152.jpg 1536w, https:\/\/botecaircargo-geneve.ch\/wp-content\/uploads\/2022\/09\/IMG_4047-2048x1536.jpg 2048w, https:\/\/botecaircargo-geneve.ch\/wp-content\/uploads\/2022\/09\/IMG_4047-16x12.jpg 16w\" sizes=\"(max-width: 900px) 100vw, 900px\" \/>\t\t\t\t\t\t\t\t\t\t\t\t\t<\/div>\n\t\t\t\t<\/div>\n\t\t\t\t\t<\/div>\n\t\t<\/div>\n\t\t\t\t<div class=\"elementor-column elementor-col-50 elementor-top-column elementor-element elementor-element-938f19b\" data-id=\"938f19b\" data-element_type=\"column\">\n\t\t\t<div class=\"elementor-widget-wrap elementor-element-populated\">\n\t\t\t\t\t\t<div class=\"elementor-element elementor-element-0c5c34f elementor-widget elementor-widget-image\" data-id=\"0c5c34f\" data-element_type=\"widget\" data-widget_type=\"image.default\">\n\t\t\t\t<div class=\"elementor-widget-container\">\n\t\t\t\t\t\t\t\t\t\t\t\t\t<img loading=\"lazy\" width=\"828\" height=\"590\" src=\"https:\/\/botecaircargo-geneve.ch\/wp-content\/uploads\/2022\/09\/WhatsApp-Image-2022-09-29-at-20.59.01-1.jpeg\" class=\"attachment-large size-large wp-image-1640\" alt=\"Transport maritime voiture\" srcset=\"https:\/\/botecaircargo-geneve.ch\/wp-content\/uploads\/2022\/09\/WhatsApp-Image-2022-09-29-at-20.59.01-1.jpeg 828w, https:\/\/botecaircargo-geneve.ch\/wp-content\/uploads\/2022\/09\/WhatsApp-Image-2022-09-29-at-20.59.01-1-300x214.jpeg 300w, https:\/\/botecaircargo-geneve.ch\/wp-content\/uploads\/2022\/09\/WhatsApp-Image-2022-09-29-at-20.59.01-1-768x547.jpeg 768w, https:\/\/botecaircargo-geneve.ch\/wp-content\/uploads\/2022\/09\/WhatsApp-Image-2022-09-29-at-20.59.01-1-18x12.jpeg 18w\" sizes=\"(max-width: 828px) 100vw, 828px\" \/>\t\t\t\t\t\t\t\t\t\t\t\t\t<\/div>\n\t\t\t\t<\/div>\n\t\t\t\t\t<\/div>\n\t\t<\/div>\n\t\t\t\t\t<\/div>\n\t\t<\/section>\n\t\t\t\t<\/div>\n\t\t","protected":false},"excerpt":{"rendered":"<p>MARITIME MARITIME Fret Maritime \u00e9conomique et efficace Id\u00e9al pour le transport de grands volumes ou de poids importants sur de longues distances, le fret maritime reste le mode de transport le plus \u00e9conomique.Nous sommes \u00e0 votre disposition pour d\u00e9velopper une solution de transport adapt\u00e9es \u00e0 votre situation. Qu\u2019il s\u2019agisse d\u2019envois en conteneur complet (FCL) ou [&hellip;]<\/p>\n","protected":false},"author":1,"featured_media":0,"parent":0,"menu_order":0,"comment_status":"closed","ping_status":"closed","template":"elementor_header_footer","meta":{"om_disable_all_campaigns":false,"_monsterinsights_skip_tracking":false,"_monsterinsights_sitenote_active":false,"_monsterinsights_sitenote_note":"","_monsterinsights_sitenote_category":0},"aioseo_notices":[],"_links":{"self":[{"href":"https:\/\/botecaircargo-geneve.ch\/en\/wp-json\/wp\/v2\/pages\/725"}],"collection":[{"href":"https:\/\/botecaircargo-geneve.ch\/en\/wp-json\/wp\/v2\/pages"}],"about":[{"href":"https:\/\/botecaircargo-geneve.ch\/en\/wp-json\/wp\/v2\/types\/page"}],"author":[{"embeddable":true,"href":"https:\/\/botecaircargo-geneve.ch\/en\/wp-json\/wp\/v2\/users\/1"}],"replies":[{"embeddable":true,"href":"https:\/\/botecaircargo-geneve.ch\/en\/wp-json\/wp\/v2\/comments?post=725"}],"version-history":[{"count":24,"href":"https:\/\/botecaircargo-geneve.ch\/en\/wp-json\/wp\/v2\/pages\/725\/revisions"}],"predecessor-version":[{"id":1644,"href":"https:\/\/botecaircargo-geneve.ch\/en\/wp-json\/wp\/v2\/pages\/725\/revisions\/1644"}],"wp:attachment":[{"href":"https:\/\/botecaircargo-geneve.ch\/en\/wp-json\/wp\/v2\/media?parent=725"}],"curies":[{"name":"wp","href":"https:\/\/api.w.org\/{rel}","templated":true}]}}