{"id":726,"date":"2022-08-09T23:25:14","date_gmt":"2022-08-09T21:25:14","guid":{"rendered":"https:\/\/botecaircargo-geneve.ch\/?page_id=726"},"modified":"2022-08-17T23:46:28","modified_gmt":"2022-08-17T21:46:28","slug":"routier","status":"publish","type":"page","link":"https:\/\/botecaircargo-geneve.ch\/en\/routier\/","title":{"rendered":"Road"},"content":{"rendered":"\t\t<div data-elementor-type=\"wp-page\" data-elementor-id=\"726\" class=\"elementor elementor-726\">\n\t\t\t\t\t\t<section class=\"elementor-section elementor-top-section elementor-element elementor-element-1224991 elementor-section-full_width elementor-section-height-default elementor-section-height-default\" data-id=\"1224991\" data-element_type=\"section\">\n\t\t\t\t\t\t<div class=\"elementor-container elementor-column-gap-default\">\n\t\t\t\t\t<div class=\"elementor-column elementor-col-100 elementor-top-column elementor-element elementor-element-6699282\" data-id=\"6699282\" data-element_type=\"column\">\n\t\t\t<div class=\"elementor-widget-wrap elementor-element-populated\">\n\t\t\t\t\t\t<div class=\"elementor-element elementor-element-6bf7851 elementor-align-left elementor-widget elementor-widget-bdevs-slider\" data-id=\"6bf7851\" data-element_type=\"widget\" data-widget_type=\"bdevs-slider.default\">\n\t\t\t\t<div class=\"elementor-widget-container\">\n\t\t\t\t\t\t    <!-- slider-start -->\r\n        <div class=\"slider-area\">\r\n            <div class=\"slider-active\">\r\n            \t\t\t\t\t\t\t\t\t                <div class=\"single-slider slider-height d-flex align-items-center\" style=\"background-image:url(https:\/\/botecaircargo-geneve.ch\/wp-content\/uploads\/2022\/08\/ser-02-1.jpg)\">\r\n                    <div class=\"container\">\r\n                        <div class=\"row\">\r\n                            <div class=\"col-xl-10 col-lg-10 \">\r\n                                <div class=\"slider-content pos-rel\">\r\n                                \t                                    <h1>ROUTIER<\/h1>\r\n                                \t                                    <h2 data-animation=\"fadeInLeft\" data-delay=\".3s\"><h2><strong>ROUTIER<\/strong><\/h2><\/h2>\r\n                                    <div class=\"slider-button\">\r\n                                    \t                                                                            <\/div>\r\n                                <\/div>\r\n                            <\/div>\r\n                        <\/div>\r\n                    <\/div>\r\n                <\/div>\r\n                            <\/div>\r\n       <\/div>\r\n       <!-- slider-start -->\r\n       \t\t\t<\/div>\n\t\t\t\t<\/div>\n\t\t\t\t\t<\/div>\n\t\t<\/div>\n\t\t\t\t\t<\/div>\n\t\t<\/section>\n\t\t\t\t<section class=\"elementor-section elementor-top-section elementor-element elementor-element-12fd4319 elementor-section-content-middle elementor-reverse-mobile elementor-section-full_width elementor-section-height-default elementor-section-height-default\" data-id=\"12fd4319\" data-element_type=\"section\">\n\t\t\t\t\t\t<div class=\"elementor-container elementor-column-gap-no\">\n\t\t\t\t\t<div class=\"elementor-column elementor-col-50 elementor-top-column elementor-element elementor-element-63f46095\" data-id=\"63f46095\" data-element_type=\"column\">\n\t\t\t<div class=\"elementor-widget-wrap elementor-element-populated\">\n\t\t\t\t\t\t<div class=\"elementor-element elementor-element-2adfbcf1 elementor-widget elementor-widget-heading\" data-id=\"2adfbcf1\" data-element_type=\"widget\" data-widget_type=\"heading.default\">\n\t\t\t\t<div class=\"elementor-widget-container\">\n\t\t\t<style>\/*! elementor - v3.23.0 - 05-08-2024 *\/\n.elementor-heading-title{padding:0;margin:0;line-height:1}.elementor-widget-heading .elementor-heading-title[class*=elementor-size-]>a{color:inherit;font-size:inherit;line-height:inherit}.elementor-widget-heading .elementor-heading-title.elementor-size-small{font-size:15px}.elementor-widget-heading .elementor-heading-title.elementor-size-medium{font-size:19px}.elementor-widget-heading .elementor-heading-title.elementor-size-large{font-size:29px}.elementor-widget-heading .elementor-heading-title.elementor-size-xl{font-size:39px}.elementor-widget-heading .elementor-heading-title.elementor-size-xxl{font-size:59px}<\/style><h4 class=\"elementor-heading-title elementor-size-default\">Transport Routier<\/h4>\t\t<\/div>\n\t\t\t\t<\/div>\n\t\t\t\t<div class=\"elementor-element elementor-element-89cf0c0 elementor-widget elementor-widget-heading\" data-id=\"89cf0c0\" data-element_type=\"widget\" data-widget_type=\"heading.default\">\n\t\t\t\t<div class=\"elementor-widget-container\">\n\t\t\t<h4 class=\"elementor-heading-title elementor-size-default\">Flexible et Efficace<\/h4>\t\t<\/div>\n\t\t\t\t<\/div>\n\t\t\t\t<div class=\"elementor-element elementor-element-2d9c57f8 elementor-widget elementor-widget-text-editor\" data-id=\"2d9c57f8\" data-element_type=\"widget\" data-widget_type=\"text-editor.default\">\n\t\t\t\t<div class=\"elementor-widget-container\">\n\t\t\t<style>\/*! elementor - v3.23.0 - 05-08-2024 *\/\n.elementor-widget-text-editor.elementor-drop-cap-view-stacked .elementor-drop-cap{background-color:#69727d;color:#fff}.elementor-widget-text-editor.elementor-drop-cap-view-framed .elementor-drop-cap{color:#69727d;border:3px solid;background-color:transparent}.elementor-widget-text-editor:not(.elementor-drop-cap-view-default) .elementor-drop-cap{margin-top:8px}.elementor-widget-text-editor:not(.elementor-drop-cap-view-default) .elementor-drop-cap-letter{width:1em;height:1em}.elementor-widget-text-editor .elementor-drop-cap{float:left;text-align:center;line-height:1;font-size:50px}.elementor-widget-text-editor .elementor-drop-cap-letter{display:inline-block}<\/style>\t\t\t\t<p><strong>Vous recherchez souplesse et flexibilit\u00e9 ? Le transport routier est la r\u00e9ponse \u00e0 vos questions.\u00a0<\/strong><\/p><p><strong>En effet, gr\u00e2ce \u00e0 notre flotte de v\u00e9hicules, nous vous proposons l&rsquo;acheminement directement jusque chez le destinataire, en Suisse et partout en Europe. Qu&rsquo;il s&rsquo;agisse de lots partiels envoy\u00e9s en groupage ou de lots complets n\u00e9cessitant un transport d\u00e9di\u00e9, nous sommes l\u00e0 pour vous conseiller et vous offrir un service personnalis\u00e9.<\/strong><\/p>\t\t\t\t\t\t<\/div>\n\t\t\t\t<\/div>\n\t\t\t\t<div class=\"elementor-element elementor-element-6da3d06d elementor-align-left elementor-widget elementor-widget-bdevs-cta\" data-id=\"6da3d06d\" data-element_type=\"widget\" data-widget_type=\"bdevs-cta.default\">\n\t\t\t\t<div class=\"elementor-widget-container\">\n\t\t\t\t\t\t\t<!-- cta-area-start -->\r\n        <div class=\"cta-area pt-120 pb-130\" style=\"background-image:url()\">\r\n            <div class=\"container\">\r\n                <div class=\"row\">\r\n                    <div class=\"col-xl-8 col-lg-8 offset-lg-2 offset-xl-2\">\r\n                        <div class=\"cta-wrapper text-center\">\r\n                            <div class=\"cta-text\">\r\n                            \t                                                                                                                                <a class=\"btn\" href=\"contact\">Nous contacter <i class=\"far fa-paper-plane\"><\/i><\/a>\r\n                                                            <\/div>\r\n                        <\/div>\r\n                    <\/div>\r\n                <\/div>\r\n            <\/div>\r\n        <\/div>\r\n        <!-- cta-area-end -->\r\n        \t\t\t<\/div>\n\t\t\t\t<\/div>\n\t\t\t\t\t<\/div>\n\t\t<\/div>\n\t\t\t\t<div class=\"elementor-column elementor-col-50 elementor-top-column elementor-element elementor-element-babf868\" data-id=\"babf868\" data-element_type=\"column\">\n\t\t\t<div class=\"elementor-widget-wrap elementor-element-populated\">\n\t\t\t\t\t\t<div class=\"elementor-element elementor-element-bc39056 elementor-widget elementor-widget-image\" data-id=\"bc39056\" data-element_type=\"widget\" data-widget_type=\"image.default\">\n\t\t\t\t<div class=\"elementor-widget-container\">\n\t\t\t<style>\/*! elementor - v3.23.0 - 05-08-2024 *\/\n.elementor-widget-image{text-align:center}.elementor-widget-image a{display:inline-block}.elementor-widget-image a img[src$=\".svg\"]{width:48px}.elementor-widget-image img{vertical-align:middle;display:inline-block}<\/style>\t\t\t\t\t\t\t\t\t\t<img fetchpriority=\"high\" width=\"1390\" height=\"904\" src=\"https:\/\/botecaircargo-geneve.ch\/wp-content\/uploads\/2022\/08\/routier.jpg\" class=\"attachment-full size-full wp-image-1433\" alt=\"camion routier\" srcset=\"https:\/\/botecaircargo-geneve.ch\/wp-content\/uploads\/2022\/08\/routier.jpg 1390w, https:\/\/botecaircargo-geneve.ch\/wp-content\/uploads\/2022\/08\/routier-300x195.jpg 300w, https:\/\/botecaircargo-geneve.ch\/wp-content\/uploads\/2022\/08\/routier-1024x666.jpg 1024w, https:\/\/botecaircargo-geneve.ch\/wp-content\/uploads\/2022\/08\/routier-768x499.jpg 768w\" sizes=\"(max-width: 1390px) 100vw, 1390px\" \/>\t\t\t\t\t\t\t\t\t\t\t\t\t<\/div>\n\t\t\t\t<\/div>\n\t\t\t\t\t<\/div>\n\t\t<\/div>\n\t\t\t\t\t<\/div>\n\t\t<\/section>\n\t\t\t\t<\/div>\n\t\t","protected":false},"excerpt":{"rendered":"<p>ROUTIER ROUTIER Transport Routier Flexible et Efficace Vous recherchez souplesse et flexibilit\u00e9 ? Le transport routier est la r\u00e9ponse \u00e0 vos questions.\u00a0En effet, gr\u00e2ce \u00e0 notre flotte de v\u00e9hicules, nous vous proposons l&rsquo;acheminement directement jusque chez le destinataire, en Suisse et partout en Europe. Qu&rsquo;il s&rsquo;agisse de lots partiels envoy\u00e9s en groupage ou de lots [&hellip;]<\/p>\n","protected":false},"author":1,"featured_media":0,"parent":0,"menu_order":0,"comment_status":"closed","ping_status":"closed","template":"elementor_header_footer","meta":{"om_disable_all_campaigns":false,"_monsterinsights_skip_tracking":false,"_monsterinsights_sitenote_active":false,"_monsterinsights_sitenote_note":"","_monsterinsights_sitenote_category":0},"aioseo_notices":[],"_links":{"self":[{"href":"https:\/\/botecaircargo-geneve.ch\/en\/wp-json\/wp\/v2\/pages\/726"}],"collection":[{"href":"https:\/\/botecaircargo-geneve.ch\/en\/wp-json\/wp\/v2\/pages"}],"about":[{"href":"https:\/\/botecaircargo-geneve.ch\/en\/wp-json\/wp\/v2\/types\/page"}],"author":[{"embeddable":true,"href":"https:\/\/botecaircargo-geneve.ch\/en\/wp-json\/wp\/v2\/users\/1"}],"replies":[{"embeddable":true,"href":"https:\/\/botecaircargo-geneve.ch\/en\/wp-json\/wp\/v2\/comments?post=726"}],"version-history":[{"count":24,"href":"https:\/\/botecaircargo-geneve.ch\/en\/wp-json\/wp\/v2\/pages\/726\/revisions"}],"predecessor-version":[{"id":1437,"href":"https:\/\/botecaircargo-geneve.ch\/en\/wp-json\/wp\/v2\/pages\/726\/revisions\/1437"}],"wp:attachment":[{"href":"https:\/\/botecaircargo-geneve.ch\/en\/wp-json\/wp\/v2\/media?parent=726"}],"curies":[{"name":"wp","href":"https:\/\/api.w.org\/{rel}","templated":true}]}}