{"id":727,"date":"2022-08-09T23:27:15","date_gmt":"2022-08-09T21:27:15","guid":{"rendered":"https:\/\/botecaircargo-geneve.ch\/?page_id=727"},"modified":"2022-09-26T21:01:36","modified_gmt":"2022-09-26T19:01:36","slug":"demenagement","status":"publish","type":"page","link":"https:\/\/botecaircargo-geneve.ch\/en\/demenagement\/","title":{"rendered":"Relocation"},"content":{"rendered":"\t\t<div data-elementor-type=\"wp-page\" data-elementor-id=\"727\" class=\"elementor elementor-727\">\n\t\t\t\t\t\t<section class=\"elementor-section elementor-top-section elementor-element elementor-element-319684b6 elementor-section-full_width elementor-section-height-default elementor-section-height-default\" data-id=\"319684b6\" data-element_type=\"section\">\n\t\t\t\t\t\t<div class=\"elementor-container elementor-column-gap-default\">\n\t\t\t\t\t<div class=\"elementor-column elementor-col-100 elementor-top-column elementor-element elementor-element-46563d89\" data-id=\"46563d89\" data-element_type=\"column\">\n\t\t\t<div class=\"elementor-widget-wrap elementor-element-populated\">\n\t\t\t\t\t\t<div class=\"elementor-element elementor-element-7ad6b33b elementor-align-left elementor-widget elementor-widget-bdevs-slider\" data-id=\"7ad6b33b\" data-element_type=\"widget\" data-widget_type=\"bdevs-slider.default\">\n\t\t\t\t<div class=\"elementor-widget-container\">\n\t\t\t\t\t\t    <!-- slider-start -->\r\n        <div class=\"slider-area\">\r\n            <div class=\"slider-active\">\r\n            \t\t\t\t\t\t\t\t\t                <div class=\"single-slider slider-height d-flex align-items-center\" style=\"background-image:url(https:\/\/botecaircargo-geneve.ch\/wp-content\/uploads\/2022\/08\/demenagement-1-scaled.jpg)\">\r\n                    <div class=\"container\">\r\n                        <div class=\"row\">\r\n                            <div class=\"col-xl-10 col-lg-10 \">\r\n                                <div class=\"slider-content pos-rel\">\r\n                                \t                                    <h1>DEMENAGEMENT<\/h1>\r\n                                \t                                    <h2 data-animation=\"fadeInLeft\" data-delay=\".3s\"><h2><strong>DEMENAGEMENT<\/strong><\/h2><\/h2>\r\n                                    <div class=\"slider-button\">\r\n                                    \t                                                                            <\/div>\r\n                                <\/div>\r\n                            <\/div>\r\n                        <\/div>\r\n                    <\/div>\r\n                <\/div>\r\n                            <\/div>\r\n       <\/div>\r\n       <!-- slider-start -->\r\n       \t\t\t<\/div>\n\t\t\t\t<\/div>\n\t\t\t\t\t<\/div>\n\t\t<\/div>\n\t\t\t\t\t<\/div>\n\t\t<\/section>\n\t\t\t\t<section class=\"elementor-section elementor-top-section elementor-element elementor-element-4fa1af69 elementor-section-content-middle elementor-reverse-mobile elementor-section-full_width elementor-section-height-default elementor-section-height-default\" data-id=\"4fa1af69\" data-element_type=\"section\">\n\t\t\t\t\t\t<div class=\"elementor-container elementor-column-gap-no\">\n\t\t\t\t\t<div class=\"elementor-column elementor-col-50 elementor-top-column elementor-element elementor-element-1b04856e\" data-id=\"1b04856e\" data-element_type=\"column\">\n\t\t\t<div class=\"elementor-widget-wrap elementor-element-populated\">\n\t\t\t\t\t\t<div class=\"elementor-element elementor-element-513776b3 elementor-widget elementor-widget-heading\" data-id=\"513776b3\" data-element_type=\"widget\" data-widget_type=\"heading.default\">\n\t\t\t\t<div class=\"elementor-widget-container\">\n\t\t\t<style>\/*! elementor - v3.23.0 - 05-08-2024 *\/\n.elementor-heading-title{padding:0;margin:0;line-height:1}.elementor-widget-heading .elementor-heading-title[class*=elementor-size-]>a{color:inherit;font-size:inherit;line-height:inherit}.elementor-widget-heading .elementor-heading-title.elementor-size-small{font-size:15px}.elementor-widget-heading .elementor-heading-title.elementor-size-medium{font-size:19px}.elementor-widget-heading .elementor-heading-title.elementor-size-large{font-size:29px}.elementor-widget-heading .elementor-heading-title.elementor-size-xl{font-size:39px}.elementor-widget-heading .elementor-heading-title.elementor-size-xxl{font-size:59px}<\/style><h4 class=\"elementor-heading-title elementor-size-default\">D\u00e9m\u00e9nagement<\/h4>\t\t<\/div>\n\t\t\t\t<\/div>\n\t\t\t\t<div class=\"elementor-element elementor-element-38b12dd8 elementor-widget elementor-widget-text-editor\" data-id=\"38b12dd8\" data-element_type=\"widget\" data-widget_type=\"text-editor.default\">\n\t\t\t\t<div class=\"elementor-widget-container\">\n\t\t\t<style>\/*! elementor - v3.23.0 - 05-08-2024 *\/\n.elementor-widget-text-editor.elementor-drop-cap-view-stacked .elementor-drop-cap{background-color:#69727d;color:#fff}.elementor-widget-text-editor.elementor-drop-cap-view-framed .elementor-drop-cap{color:#69727d;border:3px solid;background-color:transparent}.elementor-widget-text-editor:not(.elementor-drop-cap-view-default) .elementor-drop-cap{margin-top:8px}.elementor-widget-text-editor:not(.elementor-drop-cap-view-default) .elementor-drop-cap-letter{width:1em;height:1em}.elementor-widget-text-editor .elementor-drop-cap{float:left;text-align:center;line-height:1;font-size:50px}.elementor-widget-text-editor .elementor-drop-cap-letter{display:inline-block}<\/style>\t\t\t\t<h3><strong>Des professionnels \u00e0 votre service<\/strong><\/h3><p><strong>Le service D\u00e9m\u00e9nagements de Botec SA est r\u00e9put\u00e9 pour la qualit\u00e9 de son travail gr\u00e2ce \u00e0 un personnel comp\u00e9tent, form\u00e9, soigneux et \u00e9quip\u00e9 afin de parer \u00e0 toute \u00e9ventualit\u00e9 et de vous satisfaire enti\u00e8rement.<\/strong><\/p><p>\u00a0<\/p><p>\u00a0<\/p><h4><strong><span style=\"text-decoration: underline;\">D\u00e9tail des services propos\u00e9s<\/span><\/strong><\/h4><p>\u00a0<\/p><p><strong>&#8211; D\u00e9m\u00e9nagements nationaux &amp; internationaux<\/strong><\/p><p><strong>&#8211; Particuliers et professionnels<\/strong><\/p><p><strong>&#8211; Groupage sur l\u2019Europe enti\u00e8re<\/strong><\/p><p><strong>&#8211; Manutention : mobilier et lourd<\/strong><\/p><p><strong>&#8211; Emballage<\/strong><\/p><p><strong>&#8211; Montage \u2013 d\u00e9montage de votre mobilier<\/strong><\/p><p><strong>&#8211; Container et caisse maritime<\/strong><\/p><p><strong>&#8211; Calage de v\u00e9hicules en container<\/strong><\/p><p><strong>&#8211; Toutes op\u00e9rations de douane<\/strong><\/p><p><strong>&#8211; Garde meubles s\u00e9curis\u00e9s<\/strong><\/p><p><strong>&#8211; Vente de mat\u00e9riel d\u2019emballage<\/strong><\/p>\t\t\t\t\t\t<\/div>\n\t\t\t\t<\/div>\n\t\t\t\t<div class=\"elementor-element elementor-element-883beae elementor-align-left elementor-widget elementor-widget-bdevs-cta\" data-id=\"883beae\" data-element_type=\"widget\" data-widget_type=\"bdevs-cta.default\">\n\t\t\t\t<div class=\"elementor-widget-container\">\n\t\t\t\t\t\t\t<!-- cta-area-start -->\r\n        <div class=\"cta-area pt-120 pb-130\" style=\"background-image:url()\">\r\n            <div class=\"container\">\r\n                <div class=\"row\">\r\n                    <div class=\"col-xl-8 col-lg-8 offset-lg-2 offset-xl-2\">\r\n                        <div class=\"cta-wrapper text-center\">\r\n                            <div class=\"cta-text\">\r\n                            \t                                                                                                                                <a class=\"btn\" href=\"contact\">Nous contacter <i class=\"far fa-paper-plane\"><\/i><\/a>\r\n                                                            <\/div>\r\n                        <\/div>\r\n                    <\/div>\r\n                <\/div>\r\n            <\/div>\r\n        <\/div>\r\n        <!-- cta-area-end -->\r\n        \t\t\t<\/div>\n\t\t\t\t<\/div>\n\t\t\t\t\t<\/div>\n\t\t<\/div>\n\t\t\t\t<div class=\"elementor-column elementor-col-50 elementor-top-column elementor-element elementor-element-6d45d926\" data-id=\"6d45d926\" data-element_type=\"column\">\n\t\t\t<div class=\"elementor-widget-wrap elementor-element-populated\">\n\t\t\t\t\t\t<div class=\"elementor-element elementor-element-3894d29 elementor-widget elementor-widget-image\" data-id=\"3894d29\" data-element_type=\"widget\" data-widget_type=\"image.default\">\n\t\t\t\t<div class=\"elementor-widget-container\">\n\t\t\t<style>\/*! elementor - v3.23.0 - 05-08-2024 *\/\n.elementor-widget-image{text-align:center}.elementor-widget-image a{display:inline-block}.elementor-widget-image a img[src$=\".svg\"]{width:48px}.elementor-widget-image img{vertical-align:middle;display:inline-block}<\/style>\t\t\t\t\t\t\t\t\t\t<img fetchpriority=\"high\" width=\"900\" height=\"601\" src=\"https:\/\/botecaircargo-geneve.ch\/wp-content\/uploads\/2022\/08\/demenagement-2-1024x684.jpg\" class=\"attachment-large size-large wp-image-1319\" alt=\"\" srcset=\"https:\/\/botecaircargo-geneve.ch\/wp-content\/uploads\/2022\/08\/demenagement-2-1024x684.jpg 1024w, https:\/\/botecaircargo-geneve.ch\/wp-content\/uploads\/2022\/08\/demenagement-2-300x200.jpg 300w, https:\/\/botecaircargo-geneve.ch\/wp-content\/uploads\/2022\/08\/demenagement-2-768x513.jpg 768w, https:\/\/botecaircargo-geneve.ch\/wp-content\/uploads\/2022\/08\/demenagement-2-1536x1025.jpg 1536w, https:\/\/botecaircargo-geneve.ch\/wp-content\/uploads\/2022\/08\/demenagement-2-2048x1367.jpg 2048w\" sizes=\"(max-width: 900px) 100vw, 900px\" \/>\t\t\t\t\t\t\t\t\t\t\t\t\t<\/div>\n\t\t\t\t<\/div>\n\t\t\t\t\t<\/div>\n\t\t<\/div>\n\t\t\t\t\t<\/div>\n\t\t<\/section>\n\t\t\t\t<\/div>\n\t\t","protected":false},"excerpt":{"rendered":"<p>DEMENAGEMENT DEMENAGEMENT D\u00e9m\u00e9nagement Des professionnels \u00e0 votre serviceLe service D\u00e9m\u00e9nagements de Botec SA est r\u00e9put\u00e9 pour la qualit\u00e9 de son travail gr\u00e2ce \u00e0 un personnel comp\u00e9tent, form\u00e9, soigneux et \u00e9quip\u00e9 afin de parer \u00e0 toute \u00e9ventualit\u00e9 et de vous satisfaire enti\u00e8rement.\u00a0\u00a0D\u00e9tail des services propos\u00e9s\u00a0&#8211; D\u00e9m\u00e9nagements nationaux &amp; internationaux&#8211; Particuliers et professionnels&#8211; Groupage sur l\u2019Europe enti\u00e8re&#8211; [&hellip;]<\/p>\n","protected":false},"author":1,"featured_media":0,"parent":0,"menu_order":0,"comment_status":"closed","ping_status":"closed","template":"elementor_header_footer","meta":{"om_disable_all_campaigns":false,"_monsterinsights_skip_tracking":false,"_monsterinsights_sitenote_active":false,"_monsterinsights_sitenote_note":"","_monsterinsights_sitenote_category":0},"aioseo_notices":[],"_links":{"self":[{"href":"https:\/\/botecaircargo-geneve.ch\/en\/wp-json\/wp\/v2\/pages\/727"}],"collection":[{"href":"https:\/\/botecaircargo-geneve.ch\/en\/wp-json\/wp\/v2\/pages"}],"about":[{"href":"https:\/\/botecaircargo-geneve.ch\/en\/wp-json\/wp\/v2\/types\/page"}],"author":[{"embeddable":true,"href":"https:\/\/botecaircargo-geneve.ch\/en\/wp-json\/wp\/v2\/users\/1"}],"replies":[{"embeddable":true,"href":"https:\/\/botecaircargo-geneve.ch\/en\/wp-json\/wp\/v2\/comments?post=727"}],"version-history":[{"count":37,"href":"https:\/\/botecaircargo-geneve.ch\/en\/wp-json\/wp\/v2\/pages\/727\/revisions"}],"predecessor-version":[{"id":1587,"href":"https:\/\/botecaircargo-geneve.ch\/en\/wp-json\/wp\/v2\/pages\/727\/revisions\/1587"}],"wp:attachment":[{"href":"https:\/\/botecaircargo-geneve.ch\/en\/wp-json\/wp\/v2\/media?parent=727"}],"curies":[{"name":"wp","href":"https:\/\/api.w.org\/{rel}","templated":true}]}}