{"id":737,"date":"2022-08-09T23:24:21","date_gmt":"2022-08-09T21:24:21","guid":{"rendered":"https:\/\/botecaircargo-geneve.ch\/?page_id=737"},"modified":"2022-11-16T13:21:45","modified_gmt":"2022-11-16T12:21:45","slug":"valuable-cargo","status":"publish","type":"page","link":"https:\/\/botecaircargo-geneve.ch\/en\/valuable-cargo\/","title":{"rendered":"Valuable Cargo"},"content":{"rendered":"\t\t<div data-elementor-type=\"wp-page\" data-elementor-id=\"737\" class=\"elementor elementor-737\">\n\t\t\t\t\t\t<section class=\"elementor-section elementor-top-section elementor-element elementor-element-d5bf2ae elementor-section-full_width elementor-section-height-default elementor-section-height-default\" data-id=\"d5bf2ae\" data-element_type=\"section\">\n\t\t\t\t\t\t<div class=\"elementor-container elementor-column-gap-default\">\n\t\t\t\t\t<div class=\"elementor-column elementor-col-100 elementor-top-column elementor-element elementor-element-e742e7f\" data-id=\"e742e7f\" data-element_type=\"column\">\n\t\t\t<div class=\"elementor-widget-wrap elementor-element-populated\">\n\t\t\t\t\t\t<div class=\"elementor-element elementor-element-91db298 elementor-align-left elementor-widget elementor-widget-bdevs-slider\" data-id=\"91db298\" data-element_type=\"widget\" data-widget_type=\"bdevs-slider.default\">\n\t\t\t\t<div class=\"elementor-widget-container\">\n\t\t\t\t\t\t    <!-- slider-start -->\r\n        <div class=\"slider-area\">\r\n            <div class=\"slider-active\">\r\n            \t\t\t\t\t\t\t\t\t                <div class=\"single-slider slider-height d-flex align-items-center\" style=\"background-image:url(https:\/\/botecaircargo-geneve.ch\/wp-content\/uploads\/2022\/08\/valuable-cargo.jpeg)\">\r\n                    <div class=\"container\">\r\n                        <div class=\"row\">\r\n                            <div class=\"col-xl-10 col-lg-10 \">\r\n                                <div class=\"slider-content pos-rel\">\r\n                                \t                                    <h1>VALUABLE CARGO<\/h1>\r\n                                \t                                    <h2 data-animation=\"fadeInLeft\" data-delay=\".3s\"><h2><strong>VALUABLE CARGO<\/strong><\/h2><\/h2>\r\n                                    <div class=\"slider-button\">\r\n                                    \t                                                                            <\/div>\r\n                                <\/div>\r\n                            <\/div>\r\n                        <\/div>\r\n                    <\/div>\r\n                <\/div>\r\n                            <\/div>\r\n       <\/div>\r\n       <!-- slider-start -->\r\n       \t\t\t<\/div>\n\t\t\t\t<\/div>\n\t\t\t\t\t<\/div>\n\t\t<\/div>\n\t\t\t\t\t<\/div>\n\t\t<\/section>\n\t\t\t\t<section class=\"elementor-section elementor-top-section elementor-element elementor-element-75ebced5 elementor-section-content-middle elementor-reverse-mobile elementor-section-full_width elementor-section-height-default elementor-section-height-default\" data-id=\"75ebced5\" data-element_type=\"section\">\n\t\t\t\t\t\t<div class=\"elementor-container elementor-column-gap-no\">\n\t\t\t\t\t<div class=\"elementor-column elementor-col-100 elementor-top-column elementor-element elementor-element-3b78d321\" data-id=\"3b78d321\" data-element_type=\"column\">\n\t\t\t<div class=\"elementor-widget-wrap elementor-element-populated\">\n\t\t\t\t\t\t<div class=\"elementor-element elementor-element-30a20877 elementor-widget elementor-widget-heading\" data-id=\"30a20877\" data-element_type=\"widget\" data-widget_type=\"heading.default\">\n\t\t\t\t<div class=\"elementor-widget-container\">\n\t\t\t<style>\/*! elementor - v3.23.0 - 05-08-2024 *\/\n.elementor-heading-title{padding:0;margin:0;line-height:1}.elementor-widget-heading .elementor-heading-title[class*=elementor-size-]>a{color:inherit;font-size:inherit;line-height:inherit}.elementor-widget-heading .elementor-heading-title.elementor-size-small{font-size:15px}.elementor-widget-heading .elementor-heading-title.elementor-size-medium{font-size:19px}.elementor-widget-heading .elementor-heading-title.elementor-size-large{font-size:29px}.elementor-widget-heading .elementor-heading-title.elementor-size-xl{font-size:39px}.elementor-widget-heading .elementor-heading-title.elementor-size-xxl{font-size:59px}<\/style><h4 class=\"elementor-heading-title elementor-size-default\">Vos valeurs en toute s\u00e9curit\u00e9<\/h4>\t\t<\/div>\n\t\t\t\t<\/div>\n\t\t\t\t<div class=\"elementor-element elementor-element-11fad623 elementor-widget elementor-widget-text-editor\" data-id=\"11fad623\" data-element_type=\"widget\" data-widget_type=\"text-editor.default\">\n\t\t\t\t<div class=\"elementor-widget-container\">\n\t\t\t<style>\/*! elementor - v3.23.0 - 05-08-2024 *\/\n.elementor-widget-text-editor.elementor-drop-cap-view-stacked .elementor-drop-cap{background-color:#69727d;color:#fff}.elementor-widget-text-editor.elementor-drop-cap-view-framed .elementor-drop-cap{color:#69727d;border:3px solid;background-color:transparent}.elementor-widget-text-editor:not(.elementor-drop-cap-view-default) .elementor-drop-cap{margin-top:8px}.elementor-widget-text-editor:not(.elementor-drop-cap-view-default) .elementor-drop-cap-letter{width:1em;height:1em}.elementor-widget-text-editor .elementor-drop-cap{float:left;text-align:center;line-height:1;font-size:50px}.elementor-widget-text-editor .elementor-drop-cap-letter{display:inline-block}<\/style>\t\t\t\t<p style=\"margin: 0cm 0cm 15.0pt 0cm;\"><span style=\"color: #333333;\"><strong><span lang=\"FR-CH\" style=\"font-size: 11.5pt; font-family: 'Fira Sans', sans-serif;\">Que vous souhaitiez exp\u00e9dier de la mati\u00e8re pr\u00e9cieuse, des bijoux, des montres ou des \u0153uvres d\u2019art, une solution hautement s\u00e9curis\u00e9e existe !<\/span><\/strong><\/span><\/p><p style=\"margin: 0cm 0cm 15.0pt 0cm;\"><span style=\"color: #333333;\"><strong><span lang=\"FR-CH\" style=\"font-size: 11.5pt; font-family: 'Fira Sans', sans-serif;\">Vos privil\u00e8ges sont les suivants: entreposage selon les plus stricts crit\u00e8res, surveillance 24\/24, transport en conteneurs scell\u00e9s, contr\u00f4le de s\u00e9curit\u00e9 avant le chargement, syst\u00e8me de tra\u00e7abilit\u00e9 int\u00e9gr\u00e9, haute priorit\u00e9 de chargement, et bien d\u2019autres. Nous vous offrons ce que la Suisse fait de mieux: de la discr\u00e9tion, fiabilit\u00e9 et haute technicit\u00e9.<\/span><\/strong><\/span><\/p>\t\t\t\t\t\t<\/div>\n\t\t\t\t<\/div>\n\t\t\t\t<div class=\"elementor-element elementor-element-57b3f8b5 elementor-align-left elementor-widget elementor-widget-bdevs-cta\" data-id=\"57b3f8b5\" data-element_type=\"widget\" data-widget_type=\"bdevs-cta.default\">\n\t\t\t\t<div class=\"elementor-widget-container\">\n\t\t\t\t\t\t\t<!-- cta-area-start -->\r\n        <div class=\"cta-area pt-120 pb-130\" style=\"background-image:url()\">\r\n            <div class=\"container\">\r\n                <div class=\"row\">\r\n                    <div class=\"col-xl-8 col-lg-8 offset-lg-2 offset-xl-2\">\r\n                        <div class=\"cta-wrapper text-center\">\r\n                            <div class=\"cta-text\">\r\n                            \t                                                                                                                                <a class=\"btn\" href=\"contact\">Nous contacter <i class=\"far fa-paper-plane\"><\/i><\/a>\r\n                                                            <\/div>\r\n                        <\/div>\r\n                    <\/div>\r\n                <\/div>\r\n            <\/div>\r\n        <\/div>\r\n        <!-- cta-area-end -->\r\n        \t\t\t<\/div>\n\t\t\t\t<\/div>\n\t\t\t\t\t<\/div>\n\t\t<\/div>\n\t\t\t\t\t<\/div>\n\t\t<\/section>\n\t\t\t\t<section class=\"elementor-section elementor-top-section elementor-element elementor-element-311ef29 elementor-section-boxed elementor-section-height-default elementor-section-height-default\" data-id=\"311ef29\" data-element_type=\"section\">\n\t\t\t\t\t\t<div class=\"elementor-container elementor-column-gap-default\">\n\t\t\t\t\t<div class=\"elementor-column elementor-col-100 elementor-top-column elementor-element elementor-element-1ae0162\" data-id=\"1ae0162\" data-element_type=\"column\">\n\t\t\t<div class=\"elementor-widget-wrap\">\n\t\t\t\t\t\t\t<\/div>\n\t\t<\/div>\n\t\t\t\t\t<\/div>\n\t\t<\/section>\n\t\t\t\t<section class=\"elementor-section elementor-top-section elementor-element elementor-element-3c0016d elementor-section-full_width elementor-section-height-default elementor-section-height-default\" data-id=\"3c0016d\" data-element_type=\"section\">\n\t\t\t\t\t\t<div class=\"elementor-container elementor-column-gap-default\">\n\t\t\t\t\t<div class=\"elementor-column elementor-col-50 elementor-top-column elementor-element elementor-element-3e9b305\" data-id=\"3e9b305\" data-element_type=\"column\">\n\t\t\t<div class=\"elementor-widget-wrap elementor-element-populated\">\n\t\t\t\t\t\t<div class=\"elementor-element elementor-element-792835 elementor-widget elementor-widget-image\" data-id=\"792835\" data-element_type=\"widget\" data-widget_type=\"image.default\">\n\t\t\t\t<div class=\"elementor-widget-container\">\n\t\t\t<style>\/*! elementor - v3.23.0 - 05-08-2024 *\/\n.elementor-widget-image{text-align:center}.elementor-widget-image a{display:inline-block}.elementor-widget-image a img[src$=\".svg\"]{width:48px}.elementor-widget-image img{vertical-align:middle;display:inline-block}<\/style>\t\t\t\t\t\t\t\t\t\t<img fetchpriority=\"high\" width=\"761\" height=\"586\" src=\"https:\/\/botecaircargo-geneve.ch\/wp-content\/uploads\/2022\/11\/Rolex-Pepsi.png\" class=\"attachment-medium_large size-medium_large wp-image-1857\" alt=\"Rolex Botec\" srcset=\"https:\/\/botecaircargo-geneve.ch\/wp-content\/uploads\/2022\/11\/Rolex-Pepsi.png 761w, https:\/\/botecaircargo-geneve.ch\/wp-content\/uploads\/2022\/11\/Rolex-Pepsi-300x231.png 300w, https:\/\/botecaircargo-geneve.ch\/wp-content\/uploads\/2022\/11\/Rolex-Pepsi-16x12.png 16w\" sizes=\"(max-width: 761px) 100vw, 761px\" \/>\t\t\t\t\t\t\t\t\t\t\t\t\t<\/div>\n\t\t\t\t<\/div>\n\t\t\t\t\t<\/div>\n\t\t<\/div>\n\t\t\t\t<div class=\"elementor-column elementor-col-50 elementor-top-column elementor-element elementor-element-6c102f7\" data-id=\"6c102f7\" data-element_type=\"column\">\n\t\t\t<div class=\"elementor-widget-wrap elementor-element-populated\">\n\t\t\t\t\t\t<div class=\"elementor-element elementor-element-165bf82 elementor-widget elementor-widget-image\" data-id=\"165bf82\" data-element_type=\"widget\" data-widget_type=\"image.default\">\n\t\t\t\t<div class=\"elementor-widget-container\">\n\t\t\t\t\t\t\t\t\t\t\t\t\t<img width=\"768\" height=\"576\" src=\"https:\/\/botecaircargo-geneve.ch\/wp-content\/uploads\/2022\/11\/IMG_9215-2-768x576.jpg\" class=\"attachment-medium_large size-medium_large wp-image-1848\" alt=\"Montre\" srcset=\"https:\/\/botecaircargo-geneve.ch\/wp-content\/uploads\/2022\/11\/IMG_9215-2-768x576.jpg 768w, https:\/\/botecaircargo-geneve.ch\/wp-content\/uploads\/2022\/11\/IMG_9215-2-300x225.jpg 300w, https:\/\/botecaircargo-geneve.ch\/wp-content\/uploads\/2022\/11\/IMG_9215-2-1024x768.jpg 1024w, https:\/\/botecaircargo-geneve.ch\/wp-content\/uploads\/2022\/11\/IMG_9215-2-1536x1152.jpg 1536w, https:\/\/botecaircargo-geneve.ch\/wp-content\/uploads\/2022\/11\/IMG_9215-2-2048x1536.jpg 2048w, https:\/\/botecaircargo-geneve.ch\/wp-content\/uploads\/2022\/11\/IMG_9215-2-16x12.jpg 16w\" sizes=\"(max-width: 768px) 100vw, 768px\" \/>\t\t\t\t\t\t\t\t\t\t\t\t\t<\/div>\n\t\t\t\t<\/div>\n\t\t\t\t\t<\/div>\n\t\t<\/div>\n\t\t\t\t\t<\/div>\n\t\t<\/section>\n\t\t\t\t<\/div>\n\t\t","protected":false},"excerpt":{"rendered":"<p>VALUABLE CARGO VALUABLE CARGO Vos valeurs en toute s\u00e9curit\u00e9 Que vous souhaitiez exp\u00e9dier de la mati\u00e8re pr\u00e9cieuse, des bijoux, des montres ou des \u0153uvres d\u2019art, une solution hautement s\u00e9curis\u00e9e existe !Vos privil\u00e8ges sont les suivants: entreposage selon les plus stricts crit\u00e8res, surveillance 24\/24, transport en conteneurs scell\u00e9s, contr\u00f4le de s\u00e9curit\u00e9 avant le chargement, syst\u00e8me de [&hellip;]<\/p>\n","protected":false},"author":1,"featured_media":0,"parent":0,"menu_order":0,"comment_status":"closed","ping_status":"closed","template":"elementor_header_footer","meta":{"om_disable_all_campaigns":false,"_monsterinsights_skip_tracking":false,"_monsterinsights_sitenote_active":false,"_monsterinsights_sitenote_note":"","_monsterinsights_sitenote_category":0},"aioseo_notices":[],"_links":{"self":[{"href":"https:\/\/botecaircargo-geneve.ch\/en\/wp-json\/wp\/v2\/pages\/737"}],"collection":[{"href":"https:\/\/botecaircargo-geneve.ch\/en\/wp-json\/wp\/v2\/pages"}],"about":[{"href":"https:\/\/botecaircargo-geneve.ch\/en\/wp-json\/wp\/v2\/types\/page"}],"author":[{"embeddable":true,"href":"https:\/\/botecaircargo-geneve.ch\/en\/wp-json\/wp\/v2\/users\/1"}],"replies":[{"embeddable":true,"href":"https:\/\/botecaircargo-geneve.ch\/en\/wp-json\/wp\/v2\/comments?post=737"}],"version-history":[{"count":30,"href":"https:\/\/botecaircargo-geneve.ch\/en\/wp-json\/wp\/v2\/pages\/737\/revisions"}],"predecessor-version":[{"id":1860,"href":"https:\/\/botecaircargo-geneve.ch\/en\/wp-json\/wp\/v2\/pages\/737\/revisions\/1860"}],"wp:attachment":[{"href":"https:\/\/botecaircargo-geneve.ch\/en\/wp-json\/wp\/v2\/media?parent=737"}],"curies":[{"name":"wp","href":"https:\/\/api.w.org\/{rel}","templated":true}]}}