{"id":741,"date":"2022-08-09T23:24:50","date_gmt":"2022-08-09T21:24:50","guid":{"rendered":"https:\/\/botecaircargo-geneve.ch\/?page_id=741"},"modified":"2022-09-26T21:18:04","modified_gmt":"2022-09-26T19:18:04","slug":"personal-effects","status":"publish","type":"page","link":"https:\/\/botecaircargo-geneve.ch\/en\/personal-effects\/","title":{"rendered":"Personal Effects"},"content":{"rendered":"\t\t<div data-elementor-type=\"wp-page\" data-elementor-id=\"741\" class=\"elementor elementor-741\">\n\t\t\t\t\t\t<section class=\"elementor-section elementor-top-section elementor-element elementor-element-316aa72 elementor-section-full_width elementor-section-height-default elementor-section-height-default\" data-id=\"316aa72\" data-element_type=\"section\">\n\t\t\t\t\t\t<div class=\"elementor-container elementor-column-gap-default\">\n\t\t\t\t\t<div class=\"elementor-column elementor-col-100 elementor-top-column elementor-element elementor-element-5b8f0a4\" data-id=\"5b8f0a4\" data-element_type=\"column\">\n\t\t\t<div class=\"elementor-widget-wrap elementor-element-populated\">\n\t\t\t\t\t\t<div class=\"elementor-element elementor-element-dc3a6a0 elementor-align-left elementor-widget elementor-widget-bdevs-slider\" data-id=\"dc3a6a0\" data-element_type=\"widget\" data-widget_type=\"bdevs-slider.default\">\n\t\t\t\t<div class=\"elementor-widget-container\">\n\t\t\t\t\t\t    <!-- slider-start -->\r\n        <div class=\"slider-area\">\r\n            <div class=\"slider-active\">\r\n            \t\t\t\t\t\t\t\t\t                <div class=\"single-slider slider-height d-flex align-items-center\" style=\"background-image:url(https:\/\/botecaircargo-geneve.ch\/wp-content\/uploads\/2022\/08\/personal-effects.jpeg)\">\r\n                    <div class=\"container\">\r\n                        <div class=\"row\">\r\n                            <div class=\"col-xl-10 col-lg-10 \">\r\n                                <div class=\"slider-content pos-rel\">\r\n                                \t                                    <h1>PERSONAL EFFECTS<\/h1>\r\n                                \t                                    <h2 data-animation=\"fadeInLeft\" data-delay=\".3s\"><h2><strong>PERSONAL EFFECTS<\/strong><\/h2><\/h2>\r\n                                    <div class=\"slider-button\">\r\n                                    \t                                                                            <\/div>\r\n                                <\/div>\r\n                            <\/div>\r\n                        <\/div>\r\n                    <\/div>\r\n                <\/div>\r\n                            <\/div>\r\n       <\/div>\r\n       <!-- slider-start -->\r\n       \t\t\t<\/div>\n\t\t\t\t<\/div>\n\t\t\t\t\t<\/div>\n\t\t<\/div>\n\t\t\t\t\t<\/div>\n\t\t<\/section>\n\t\t\t\t<section class=\"elementor-section elementor-top-section elementor-element elementor-element-24ca5c19 elementor-section-content-middle elementor-reverse-mobile elementor-section-full_width elementor-section-height-default elementor-section-height-default\" data-id=\"24ca5c19\" data-element_type=\"section\">\n\t\t\t\t\t\t<div class=\"elementor-container elementor-column-gap-no\">\n\t\t\t\t\t<div class=\"elementor-column elementor-col-100 elementor-top-column elementor-element elementor-element-3cbfe47e\" data-id=\"3cbfe47e\" data-element_type=\"column\">\n\t\t\t<div class=\"elementor-widget-wrap elementor-element-populated\">\n\t\t\t\t\t\t<div class=\"elementor-element elementor-element-1d8d040e elementor-widget elementor-widget-heading\" data-id=\"1d8d040e\" data-element_type=\"widget\" data-widget_type=\"heading.default\">\n\t\t\t\t<div class=\"elementor-widget-container\">\n\t\t\t<style>\/*! elementor - v3.23.0 - 05-08-2024 *\/\n.elementor-heading-title{padding:0;margin:0;line-height:1}.elementor-widget-heading .elementor-heading-title[class*=elementor-size-]>a{color:inherit;font-size:inherit;line-height:inherit}.elementor-widget-heading .elementor-heading-title.elementor-size-small{font-size:15px}.elementor-widget-heading .elementor-heading-title.elementor-size-medium{font-size:19px}.elementor-widget-heading .elementor-heading-title.elementor-size-large{font-size:29px}.elementor-widget-heading .elementor-heading-title.elementor-size-xl{font-size:39px}.elementor-widget-heading .elementor-heading-title.elementor-size-xxl{font-size:59px}<\/style><h4 class=\"elementor-heading-title elementor-size-default\">Exp\u00e9dier vos exc\u00e9dents de bagages<\/h4>\t\t<\/div>\n\t\t\t\t<\/div>\n\t\t\t\t<div class=\"elementor-element elementor-element-39c58be elementor-widget elementor-widget-text-editor\" data-id=\"39c58be\" data-element_type=\"widget\" data-widget_type=\"text-editor.default\">\n\t\t\t\t<div class=\"elementor-widget-container\">\n\t\t\t<style>\/*! elementor - v3.23.0 - 05-08-2024 *\/\n.elementor-widget-text-editor.elementor-drop-cap-view-stacked .elementor-drop-cap{background-color:#69727d;color:#fff}.elementor-widget-text-editor.elementor-drop-cap-view-framed .elementor-drop-cap{color:#69727d;border:3px solid;background-color:transparent}.elementor-widget-text-editor:not(.elementor-drop-cap-view-default) .elementor-drop-cap{margin-top:8px}.elementor-widget-text-editor:not(.elementor-drop-cap-view-default) .elementor-drop-cap-letter{width:1em;height:1em}.elementor-widget-text-editor .elementor-drop-cap{float:left;text-align:center;line-height:1;font-size:50px}.elementor-widget-text-editor .elementor-drop-cap-letter{display:inline-block}<\/style>\t\t\t\t<p><strong>Nous aidons nos clients particuliers \u00e0 faire face aux impr\u00e9vus et nous prenons en charge le transport de leurs effets personnels. <\/strong><\/p><p><strong>Nous sommes un transitaire soucieux de la satisfaction et la qui\u00e9tude de notre client\u00e8le.<\/strong><\/p><p><strong>Voil\u00e0 pourquoi, nos \u00e9quipes mettent en \u00e9vidence tout leur savoir-faire pour vous aider \u00e0 bien pr\u00e9parer vos d\u00e9placements.<\/strong><\/p><p><strong>Si au comptoir d&rsquo;enregistrement, on vous informe d&rsquo;un exc\u00e9dent de bagages qui vous sera tarif\u00e9 en suppl\u00e9ment par votre compagnie, n&rsquo;h\u00e9sitez pas \u00e0 faire appel aux services de transport de bagages de Botec Air Cargo\u00a0 \u00e0 Gen\u00e8ve ou depuis n&rsquo;importe o\u00f9 sur la plan\u00e8te en utilisant notre formulaire de devis en ligne pour estimer et exp\u00e9dier vos effets personnels.<\/strong><br \/><strong>Nos agents de transit et douane vous r\u00e9pondront dans les plus brefs d\u00e9lais.<\/strong><\/p><p><strong>Pour chaque op\u00e9ration d&rsquo;acheminement confi\u00e9 \u00e0 nos soins, nous suivons scrupuleusement toutes les normes.<\/strong><\/p><p><strong>Entre autres celles impos\u00e9es par les organismes internationaux, dont nous sommes membre agr\u00e9\u00e9 et certifi\u00e9.<\/strong><\/p><p><strong>Nous proposons des solutions de transports d&rsquo;effet personnel et exc\u00e9dents de bagages par voie a\u00e9rienne, routi\u00e8re ou maritime suivant vos besoins.<\/strong><\/p><p><strong>Nos techniciens sp\u00e9cialis\u00e9s dans le domaine du transport de bagages sont \u00e0 l&rsquo;\u00e9coute du moindre de vos exigences.<\/strong><\/p><p><strong>D\u00e8s la r\u00e9ception de votre demande, nos agents en transit et douane prennent le relais. A partir de l&rsquo;enl\u00e8vement, la r\u00e9alisation des formalit\u00e9s administratives et douani\u00e8res, les emballages et la livraison de vos effets personnels, nous prenons en charge toutes les \u00e9tapes de vos envois.<\/strong><\/p><p><strong>Dans le cas d&rsquo;une offre en \u00ab\u00a0porte \u00e0 porte\u00a0\u00bb, nos collaborateurs se d\u00e9placent sur le lieu de l&rsquo;enl\u00e8vement pour livrer vos bagages \u00e0 l&rsquo;adresse de destination souhait\u00e9e, dans n&rsquo;importe quel pays. Dans le cadre du transport de vos exc\u00e9dents de bagage, nous nous effor\u00e7ons de vous offrir un service rapide, s\u00e9curis\u00e9 \u00e0 des tarifs tr\u00e8s concurrentiels.<\/strong><\/p><p><strong>N&rsquo;h\u00e9sitez plus alors \u00e0 appr\u00e9cier nos comp\u00e9tences et soumettez rapidement \u00e0 notre \u00e9quipe votre demande !<\/strong><\/p>\t\t\t\t\t\t<\/div>\n\t\t\t\t<\/div>\n\t\t\t\t<div class=\"elementor-element elementor-element-328bdd2b elementor-align-left elementor-widget elementor-widget-bdevs-cta\" data-id=\"328bdd2b\" data-element_type=\"widget\" data-widget_type=\"bdevs-cta.default\">\n\t\t\t\t<div class=\"elementor-widget-container\">\n\t\t\t\t\t\t\t<!-- cta-area-start -->\r\n        <div class=\"cta-area pt-120 pb-130\" style=\"background-image:url()\">\r\n            <div class=\"container\">\r\n                <div class=\"row\">\r\n                    <div class=\"col-xl-8 col-lg-8 offset-lg-2 offset-xl-2\">\r\n                        <div class=\"cta-wrapper text-center\">\r\n                            <div class=\"cta-text\">\r\n                            \t                                                                                                                                <a class=\"btn\" href=\"contact\">Nous contacter <i class=\"far fa-paper-plane\"><\/i><\/a>\r\n                                                            <\/div>\r\n                        <\/div>\r\n                    <\/div>\r\n                <\/div>\r\n            <\/div>\r\n        <\/div>\r\n        <!-- cta-area-end -->\r\n        \t\t\t<\/div>\n\t\t\t\t<\/div>\n\t\t\t\t\t<\/div>\n\t\t<\/div>\n\t\t\t\t\t<\/div>\n\t\t<\/section>\n\t\t\t\t<section class=\"elementor-section elementor-top-section elementor-element elementor-element-465ab13 elementor-section-full_width elementor-section-height-default elementor-section-height-default\" data-id=\"465ab13\" data-element_type=\"section\">\n\t\t\t\t\t\t<div class=\"elementor-container elementor-column-gap-default\">\n\t\t\t\t\t<div class=\"elementor-column elementor-col-33 elementor-top-column elementor-element elementor-element-1ab2b4a\" data-id=\"1ab2b4a\" data-element_type=\"column\">\n\t\t\t<div class=\"elementor-widget-wrap elementor-element-populated\">\n\t\t\t\t\t\t<div class=\"elementor-element elementor-element-53bec0c elementor-widget elementor-widget-image\" data-id=\"53bec0c\" data-element_type=\"widget\" data-widget_type=\"image.default\">\n\t\t\t\t<div class=\"elementor-widget-container\">\n\t\t\t<style>\/*! elementor - v3.23.0 - 05-08-2024 *\/\n.elementor-widget-image{text-align:center}.elementor-widget-image a{display:inline-block}.elementor-widget-image a img[src$=\".svg\"]{width:48px}.elementor-widget-image img{vertical-align:middle;display:inline-block}<\/style>\t\t\t\t\t\t\t\t\t\t<img fetchpriority=\"high\" width=\"300\" height=\"233\" src=\"https:\/\/botecaircargo-geneve.ch\/wp-content\/uploads\/2022\/08\/bagage-1-1-300x233.png\" class=\"attachment-medium size-medium wp-image-1411\" alt=\"bagage\" srcset=\"https:\/\/botecaircargo-geneve.ch\/wp-content\/uploads\/2022\/08\/bagage-1-1-300x233.png 300w, https:\/\/botecaircargo-geneve.ch\/wp-content\/uploads\/2022\/08\/bagage-1-1.png 708w\" sizes=\"(max-width: 300px) 100vw, 300px\" \/>\t\t\t\t\t\t\t\t\t\t\t\t\t<\/div>\n\t\t\t\t<\/div>\n\t\t\t\t\t<\/div>\n\t\t<\/div>\n\t\t\t\t<div class=\"elementor-column elementor-col-33 elementor-top-column elementor-element elementor-element-74c350b\" data-id=\"74c350b\" data-element_type=\"column\">\n\t\t\t<div class=\"elementor-widget-wrap elementor-element-populated\">\n\t\t\t\t\t\t<div class=\"elementor-element elementor-element-05f8977 elementor-widget elementor-widget-image\" data-id=\"05f8977\" data-element_type=\"widget\" data-widget_type=\"image.default\">\n\t\t\t\t<div class=\"elementor-widget-container\">\n\t\t\t\t\t\t\t\t\t\t\t\t\t<img width=\"200\" height=\"300\" src=\"https:\/\/botecaircargo-geneve.ch\/wp-content\/uploads\/2022\/09\/depositphotos_78471828-stock-photo-suitcase-with-national-flag-on-200x300.webp\" class=\"attachment-medium size-medium wp-image-1601\" alt=\"Bagage qatar\" srcset=\"https:\/\/botecaircargo-geneve.ch\/wp-content\/uploads\/2022\/09\/depositphotos_78471828-stock-photo-suitcase-with-national-flag-on-200x300.webp 200w, https:\/\/botecaircargo-geneve.ch\/wp-content\/uploads\/2022\/09\/depositphotos_78471828-stock-photo-suitcase-with-national-flag-on.webp 400w\" sizes=\"(max-width: 200px) 100vw, 200px\" \/>\t\t\t\t\t\t\t\t\t\t\t\t\t<\/div>\n\t\t\t\t<\/div>\n\t\t\t\t\t<\/div>\n\t\t<\/div>\n\t\t\t\t<div class=\"elementor-column elementor-col-33 elementor-top-column elementor-element elementor-element-542b652\" data-id=\"542b652\" data-element_type=\"column\">\n\t\t\t<div class=\"elementor-widget-wrap elementor-element-populated\">\n\t\t\t\t\t\t<div class=\"elementor-element elementor-element-eb1e429 elementor-widget elementor-widget-image\" data-id=\"eb1e429\" data-element_type=\"widget\" data-widget_type=\"image.default\">\n\t\t\t\t<div class=\"elementor-widget-container\">\n\t\t\t\t\t\t\t\t\t\t\t\t\t<img width=\"258\" height=\"300\" src=\"https:\/\/botecaircargo-geneve.ch\/wp-content\/uploads\/2022\/09\/telechargement-e1664219585579-258x300.jpg\" class=\"attachment-medium size-medium wp-image-1603\" alt=\"Bagage Koweit\" srcset=\"https:\/\/botecaircargo-geneve.ch\/wp-content\/uploads\/2022\/09\/telechargement-e1664219585579-258x300.jpg 258w, https:\/\/botecaircargo-geneve.ch\/wp-content\/uploads\/2022\/09\/telechargement-e1664219585579.jpg 690w\" sizes=\"(max-width: 258px) 100vw, 258px\" \/>\t\t\t\t\t\t\t\t\t\t\t\t\t<\/div>\n\t\t\t\t<\/div>\n\t\t\t\t\t<\/div>\n\t\t<\/div>\n\t\t\t\t\t<\/div>\n\t\t<\/section>\n\t\t\t\t<section class=\"elementor-section elementor-top-section elementor-element elementor-element-f19214a elementor-section-boxed elementor-section-height-default elementor-section-height-default\" data-id=\"f19214a\" data-element_type=\"section\">\n\t\t\t\t\t\t<div class=\"elementor-container elementor-column-gap-default\">\n\t\t\t\t\t<div class=\"elementor-column elementor-col-50 elementor-top-column elementor-element elementor-element-df79c16\" data-id=\"df79c16\" data-element_type=\"column\">\n\t\t\t<div class=\"elementor-widget-wrap elementor-element-populated\">\n\t\t\t\t\t\t<div class=\"elementor-element elementor-element-4a5cca2 elementor-widget elementor-widget-image\" data-id=\"4a5cca2\" data-element_type=\"widget\" data-widget_type=\"image.default\">\n\t\t\t\t<div class=\"elementor-widget-container\">\n\t\t\t\t\t\t\t\t\t\t\t\t\t<img loading=\"lazy\" width=\"200\" height=\"300\" src=\"https:\/\/botecaircargo-geneve.ch\/wp-content\/uploads\/2022\/09\/depositphotos_78471330-stock-photo-suitcase-with-national-flag-on-200x300.webp\" class=\"attachment-medium size-medium wp-image-1604\" alt=\"Bagage Emirats\" srcset=\"https:\/\/botecaircargo-geneve.ch\/wp-content\/uploads\/2022\/09\/depositphotos_78471330-stock-photo-suitcase-with-national-flag-on-200x300.webp 200w, https:\/\/botecaircargo-geneve.ch\/wp-content\/uploads\/2022\/09\/depositphotos_78471330-stock-photo-suitcase-with-national-flag-on.webp 400w\" sizes=\"(max-width: 200px) 100vw, 200px\" \/>\t\t\t\t\t\t\t\t\t\t\t\t\t<\/div>\n\t\t\t\t<\/div>\n\t\t\t\t\t<\/div>\n\t\t<\/div>\n\t\t\t\t<div class=\"elementor-column elementor-col-50 elementor-top-column elementor-element elementor-element-71f3579\" data-id=\"71f3579\" data-element_type=\"column\">\n\t\t\t<div class=\"elementor-widget-wrap elementor-element-populated\">\n\t\t\t\t\t\t<div class=\"elementor-element elementor-element-b536d45 elementor-widget elementor-widget-image\" data-id=\"b536d45\" data-element_type=\"widget\" data-widget_type=\"image.default\">\n\t\t\t\t<div class=\"elementor-widget-container\">\n\t\t\t\t\t\t\t\t\t\t\t\t\t<img loading=\"lazy\" width=\"300\" height=\"293\" src=\"https:\/\/botecaircargo-geneve.ch\/wp-content\/uploads\/2022\/09\/valise-cabine-lebanon-white-300x293.jpg\" class=\"attachment-medium size-medium wp-image-1605\" alt=\"Bagage Liban\" srcset=\"https:\/\/botecaircargo-geneve.ch\/wp-content\/uploads\/2022\/09\/valise-cabine-lebanon-white-300x293.jpg 300w, https:\/\/botecaircargo-geneve.ch\/wp-content\/uploads\/2022\/09\/valise-cabine-lebanon-white-768x750.jpg 768w, https:\/\/botecaircargo-geneve.ch\/wp-content\/uploads\/2022\/09\/valise-cabine-lebanon-white.jpg 1000w\" sizes=\"(max-width: 300px) 100vw, 300px\" \/>\t\t\t\t\t\t\t\t\t\t\t\t\t<\/div>\n\t\t\t\t<\/div>\n\t\t\t\t\t<\/div>\n\t\t<\/div>\n\t\t\t\t\t<\/div>\n\t\t<\/section>\n\t\t\t\t<\/div>\n\t\t","protected":false},"excerpt":{"rendered":"<p>PERSONAL EFFECTS PERSONAL EFFECTS Exp\u00e9dier vos exc\u00e9dents de bagages Nous aidons nos clients particuliers \u00e0 faire face aux impr\u00e9vus et nous prenons en charge le transport de leurs effets personnels. Nous sommes un transitaire soucieux de la satisfaction et la qui\u00e9tude de notre client\u00e8le.Voil\u00e0 pourquoi, nos \u00e9quipes mettent en \u00e9vidence tout leur savoir-faire pour vous [&hellip;]<\/p>\n","protected":false},"author":1,"featured_media":0,"parent":0,"menu_order":0,"comment_status":"closed","ping_status":"closed","template":"elementor_header_footer","meta":{"om_disable_all_campaigns":false,"_monsterinsights_skip_tracking":false,"_monsterinsights_sitenote_active":false,"_monsterinsights_sitenote_note":"","_monsterinsights_sitenote_category":0},"aioseo_notices":[],"_links":{"self":[{"href":"https:\/\/botecaircargo-geneve.ch\/en\/wp-json\/wp\/v2\/pages\/741"}],"collection":[{"href":"https:\/\/botecaircargo-geneve.ch\/en\/wp-json\/wp\/v2\/pages"}],"about":[{"href":"https:\/\/botecaircargo-geneve.ch\/en\/wp-json\/wp\/v2\/types\/page"}],"author":[{"embeddable":true,"href":"https:\/\/botecaircargo-geneve.ch\/en\/wp-json\/wp\/v2\/users\/1"}],"replies":[{"embeddable":true,"href":"https:\/\/botecaircargo-geneve.ch\/en\/wp-json\/wp\/v2\/comments?post=741"}],"version-history":[{"count":18,"href":"https:\/\/botecaircargo-geneve.ch\/en\/wp-json\/wp\/v2\/pages\/741\/revisions"}],"predecessor-version":[{"id":1608,"href":"https:\/\/botecaircargo-geneve.ch\/en\/wp-json\/wp\/v2\/pages\/741\/revisions\/1608"}],"wp:attachment":[{"href":"https:\/\/botecaircargo-geneve.ch\/en\/wp-json\/wp\/v2\/media?parent=741"}],"curies":[{"name":"wp","href":"https:\/\/api.w.org\/{rel}","templated":true}]}}